{"id":1170,"date":"2021-12-15T15:30:11","date_gmt":"2021-12-15T15:30:11","guid":{"rendered":"http:\/\/folksweden.com\/?page_id=1170"},"modified":"2023-08-05T15:21:40","modified_gmt":"2023-08-05T15:21:40","slug":"swedish-language","status":"publish","type":"page","link":"http:\/\/folksweden.com\/index.php\/swedish-language\/","title":{"rendered":"Swedish Language"},"content":{"rendered":"\t\t<div data-elementor-type=\"wp-page\" data-elementor-id=\"1170\" class=\"elementor elementor-1170\">\n\t\t\t\t\t\t<section class=\"elementor-section elementor-top-section elementor-element elementor-element-710dad9 elementor-section-boxed elementor-section-height-default elementor-section-height-default\" data-id=\"710dad9\" data-element_type=\"section\" data-e-type=\"section\">\n\t\t\t\t\t\t<div class=\"elementor-container elementor-column-gap-default\">\n\t\t\t\t\t<div class=\"elementor-column elementor-col-100 elementor-top-column elementor-element elementor-element-9eb9ef5\" data-id=\"9eb9ef5\" data-element_type=\"column\" data-e-type=\"column\">\n\t\t\t<div class=\"elementor-widget-wrap elementor-element-populated\">\n\t\t\t\t\t\t<div class=\"elementor-element elementor-element-2a14478 elementor-widget elementor-widget-text-editor\" data-id=\"2a14478\" data-element_type=\"widget\" data-e-type=\"widget\" data-widget_type=\"text-editor.default\">\n\t\t\t\t<div class=\"elementor-widget-container\">\n\t\t\t\t\t\t\t\t\t<p>Many Swedes are fluent in English.\u00a0 This comes not only from school, but from movies, tv, and the internet.<\/p><p>However, there are also many Swedes who are uncomfortable speaking English, or who cannot converse in English.\u00a0 \u00a0Signs and other messages are also in Swedish, so it is good for you to know some common words and phrases.<\/p>\t\t\t\t\t\t\t\t<\/div>\n\t\t\t\t<\/div>\n\t\t\t\t\t<\/div>\n\t\t<\/div>\n\t\t\t\t\t<\/div>\n\t\t<\/section>\n\t\t\t\t<section class=\"elementor-section elementor-top-section elementor-element elementor-element-72c49ec elementor-section-boxed elementor-section-height-default elementor-section-height-default\" data-id=\"72c49ec\" data-element_type=\"section\" data-e-type=\"section\">\n\t\t\t\t\t\t<div class=\"elementor-container elementor-column-gap-default\">\n\t\t\t\t\t<div class=\"elementor-column elementor-col-100 elementor-top-column elementor-element elementor-element-953b7bb\" data-id=\"953b7bb\" data-element_type=\"column\" data-e-type=\"column\">\n\t\t\t<div class=\"elementor-widget-wrap elementor-element-populated\">\n\t\t\t\t\t\t<div class=\"elementor-element elementor-element-0615c3f elementor-widget elementor-widget-text-editor\" data-id=\"0615c3f\" data-element_type=\"widget\" data-e-type=\"widget\" data-widget_type=\"text-editor.default\">\n\t\t\t\t<div class=\"elementor-widget-container\">\n\t\t\t\t\t\t\t\t\t<h2>The Swedish language uses the same alphabet as English, with three additional letters:<\/h2><h2>\u00c5 comes after Z, and is pronounced like a long O in English.<\/h2><h2>\u00c4 comes after \u00c5, and is pronounced somewhat like a short a or short e in English.<\/h2><h2>\u00d6 is the last letter of the alphabet, and is pronounced a bit like the U in the word &#8220;put&#8221;.<\/h2><h2>NEVER confuse \u00c5 or \u00c4 with A, or \u00d6 with O.<\/h2>\t\t\t\t\t\t\t\t<\/div>\n\t\t\t\t<\/div>\n\t\t\t\t\t<\/div>\n\t\t<\/div>\n\t\t\t\t\t<\/div>\n\t\t<\/section>\n\t\t\t\t<section class=\"elementor-section elementor-top-section elementor-element elementor-element-2a62442 elementor-section-boxed elementor-section-height-default elementor-section-height-default\" data-id=\"2a62442\" data-element_type=\"section\" data-e-type=\"section\">\n\t\t\t\t\t\t<div class=\"elementor-container elementor-column-gap-default\">\n\t\t\t\t\t<div class=\"elementor-column elementor-col-100 elementor-top-column elementor-element elementor-element-0865cc4\" data-id=\"0865cc4\" data-element_type=\"column\" data-e-type=\"column\">\n\t\t\t<div class=\"elementor-widget-wrap elementor-element-populated\">\n\t\t\t\t\t\t<div class=\"elementor-element elementor-element-6a994c9 elementor-widget elementor-widget-text-editor\" data-id=\"6a994c9\" data-element_type=\"widget\" data-e-type=\"widget\" data-widget_type=\"text-editor.default\">\n\t\t\t\t<div class=\"elementor-widget-container\">\n\t\t\t\t\t\t\t\t\t<h1>Important phrases<\/h1>\t\t\t\t\t\t\t\t<\/div>\n\t\t\t\t<\/div>\n\t\t\t\t\t<\/div>\n\t\t<\/div>\n\t\t\t\t\t<\/div>\n\t\t<\/section>\n\t\t\t\t<section class=\"elementor-section elementor-top-section elementor-element elementor-element-3f04038 elementor-section-boxed elementor-section-height-default elementor-section-height-default\" data-id=\"3f04038\" data-element_type=\"section\" data-e-type=\"section\">\n\t\t\t\t\t\t<div class=\"elementor-container elementor-column-gap-default\">\n\t\t\t\t\t<div class=\"elementor-column elementor-col-33 elementor-top-column elementor-element elementor-element-6ef60ee\" data-id=\"6ef60ee\" data-element_type=\"column\" data-e-type=\"column\">\n\t\t\t<div class=\"elementor-widget-wrap elementor-element-populated\">\n\t\t\t\t\t\t<div class=\"elementor-element elementor-element-0138d14 elementor-widget elementor-widget-text-editor\" data-id=\"0138d14\" data-element_type=\"widget\" data-e-type=\"widget\" data-widget_type=\"text-editor.default\">\n\t\t\t\t<div class=\"elementor-widget-container\">\n\t\t\t\t\t\t\t\t\t<p>English<\/p>\t\t\t\t\t\t\t\t<\/div>\n\t\t\t\t<\/div>\n\t\t\t\t\t<\/div>\n\t\t<\/div>\n\t\t\t\t<div class=\"elementor-column elementor-col-33 elementor-top-column elementor-element elementor-element-b146dbc\" data-id=\"b146dbc\" data-element_type=\"column\" data-e-type=\"column\">\n\t\t\t<div class=\"elementor-widget-wrap elementor-element-populated\">\n\t\t\t\t\t\t<div class=\"elementor-element elementor-element-2a97567 elementor-widget elementor-widget-text-editor\" data-id=\"2a97567\" data-element_type=\"widget\" data-e-type=\"widget\" data-widget_type=\"text-editor.default\">\n\t\t\t\t<div class=\"elementor-widget-container\">\n\t\t\t\t\t\t\t\t\t<p>Swedish<\/p>\t\t\t\t\t\t\t\t<\/div>\n\t\t\t\t<\/div>\n\t\t\t\t\t<\/div>\n\t\t<\/div>\n\t\t\t\t<div class=\"elementor-column elementor-col-33 elementor-top-column elementor-element elementor-element-1500059\" data-id=\"1500059\" data-element_type=\"column\" data-e-type=\"column\">\n\t\t\t<div class=\"elementor-widget-wrap elementor-element-populated\">\n\t\t\t\t\t\t<div class=\"elementor-element elementor-element-a3f4571 elementor-widget elementor-widget-text-editor\" data-id=\"a3f4571\" data-element_type=\"widget\" data-e-type=\"widget\" data-widget_type=\"text-editor.default\">\n\t\t\t\t<div class=\"elementor-widget-container\">\n\t\t\t\t\t\t\t\t\t<p>Phonetic pronunciation<\/p><p>(very approximate)<\/p>\t\t\t\t\t\t\t\t<\/div>\n\t\t\t\t<\/div>\n\t\t\t\t\t<\/div>\n\t\t<\/div>\n\t\t\t\t\t<\/div>\n\t\t<\/section>\n\t\t\t\t<section class=\"elementor-section elementor-top-section elementor-element elementor-element-3690bf7 elementor-section-boxed elementor-section-height-default elementor-section-height-default\" data-id=\"3690bf7\" data-element_type=\"section\" data-e-type=\"section\">\n\t\t\t\t\t\t<div class=\"elementor-container elementor-column-gap-default\">\n\t\t\t\t\t<div class=\"elementor-column elementor-col-33 elementor-top-column elementor-element elementor-element-a6fb7e6\" data-id=\"a6fb7e6\" data-element_type=\"column\" data-e-type=\"column\">\n\t\t\t<div class=\"elementor-widget-wrap elementor-element-populated\">\n\t\t\t\t\t\t<div class=\"elementor-element elementor-element-083a496 elementor-widget elementor-widget-text-editor\" data-id=\"083a496\" data-element_type=\"widget\" data-e-type=\"widget\" data-widget_type=\"text-editor.default\">\n\t\t\t\t<div class=\"elementor-widget-container\">\n\t\t\t\t\t\t\t\t\t<p>Hi!<\/p><p>Goodbye<\/p><p>Good day<\/p><p>My name is<\/p><p>Where is _____\u00a0 ?<\/p><p>restroom<\/p><p>car<\/p><p>Thank You<\/p><p>Thank you so much.<\/p><p>Help yourself.\u00a0 Here you are.<\/p><p>Welcome<\/p><p>How much?<\/p><p>One, two, three, four, five<\/p><p>six, seven, eight, nine, ten<\/p><p>eleven, twelve, thirteen, fourteen, fifteen<\/p><p>sixteen, seventeen, eighteen, nineteen, twenty<\/p><p>thirty, forty, fifty, sixty, seventy<\/p><p>eighty, ninety, one hundred, one thousand<\/p><p>money<\/p><p>\u00a0<\/p><p>\u00a0<\/p>\t\t\t\t\t\t\t\t<\/div>\n\t\t\t\t<\/div>\n\t\t\t\t\t<\/div>\n\t\t<\/div>\n\t\t\t\t<div class=\"elementor-column elementor-col-33 elementor-top-column elementor-element elementor-element-7e6e41d\" data-id=\"7e6e41d\" data-element_type=\"column\" data-e-type=\"column\">\n\t\t\t<div class=\"elementor-widget-wrap elementor-element-populated\">\n\t\t\t\t\t\t<div class=\"elementor-element elementor-element-e98e488 elementor-widget elementor-widget-text-editor\" data-id=\"e98e488\" data-element_type=\"widget\" data-e-type=\"widget\" data-widget_type=\"text-editor.default\">\n\t\t\t\t<div class=\"elementor-widget-container\">\n\t\t\t\t\t\t\t\t\t<p>Hej!<\/p><p>Hej, d\u00e5!<\/p><p>Goddag<\/p><p>Jag heter<\/p><p>Var \u00e4r ____?<\/p><p>toalett<\/p><p>bil<\/p><p>Tack<\/p><p>Tack s\u00e5 mycket<\/p><p>Vars\u00e5god<\/p><p>V\u00e4lkommen, V\u00e4lkomna<\/p><p>Hur mycket?<\/p><p>Ett (en), tv\u00e5, tre, fyra, fem<\/p><p>sex, sju, \u00e5tta, nio, tio<\/p><p>elva, tolv, tretton, fjorton, femton<\/p><p>sexton, sjutton, arton, nitton, tjugo<\/p><p>trettio, f\u00f6rtio, femtio, sextio, sjuttio<\/p><p>\u00e5ttio, nittio, ett hundra, ett tusend<\/p><p>pengar<\/p>\t\t\t\t\t\t\t\t<\/div>\n\t\t\t\t<\/div>\n\t\t\t\t\t<\/div>\n\t\t<\/div>\n\t\t\t\t<div class=\"elementor-column elementor-col-33 elementor-top-column elementor-element elementor-element-c506b43\" data-id=\"c506b43\" data-element_type=\"column\" data-e-type=\"column\">\n\t\t\t<div class=\"elementor-widget-wrap elementor-element-populated\">\n\t\t\t\t\t\t<div class=\"elementor-element elementor-element-6b99afd elementor-widget elementor-widget-text-editor\" data-id=\"6b99afd\" data-element_type=\"widget\" data-e-type=\"widget\" data-widget_type=\"text-editor.default\">\n\t\t\t\t<div class=\"elementor-widget-container\">\n\t\t\t\t\t\t\t\t\t<p>Hey<\/p><p>Hey doe<\/p><p>good dog<\/p><p>ya hater<\/p><p>var a<\/p><p>toalet<\/p><p>beel<\/p><p>tock<\/p><p>tock so micke<\/p><p>var so good<\/p><p>velkommen, velkomna<\/p><p>hoor micke?<\/p><p>ett (en), tvo, tray, firra, fem<\/p><p>sex, shoo, oata, neeo, teeo<\/p><p>elva, tolv, tretton, fyorton, femton<\/p><p>sexton, shooton, arton, nitton, chugo<\/p><p>tretty, furty, femty, sexty, shooty<\/p><p>oaty, nitty, ett hoondra, ett toosend<\/p><p>pengar<\/p><p>\u00a0<\/p>\t\t\t\t\t\t\t\t<\/div>\n\t\t\t\t<\/div>\n\t\t\t\t\t<\/div>\n\t\t<\/div>\n\t\t\t\t\t<\/div>\n\t\t<\/section>\n\t\t\t\t<\/div>\n\t\t","protected":false},"excerpt":{"rendered":"<p>Many Swedes are fluent in English.\u00a0 This comes not only from school, but from movies, tv, and the internet. However, there are also many Swedes who are uncomfortable speaking English, or who cannot converse in English.\u00a0 \u00a0Signs and other messages are also in Swedish, so it is good for you to know some common words [&hellip;]<\/p>\n","protected":false},"author":1,"featured_media":0,"parent":0,"menu_order":0,"comment_status":"closed","ping_status":"closed","template":"","meta":{"footnotes":""},"class_list":["post-1170","page","type-page","status-publish","hentry","wpbf-post"],"_links":{"self":[{"href":"http:\/\/folksweden.com\/index.php\/wp-json\/wp\/v2\/pages\/1170","targetHints":{"allow":["GET"]}}],"collection":[{"href":"http:\/\/folksweden.com\/index.php\/wp-json\/wp\/v2\/pages"}],"about":[{"href":"http:\/\/folksweden.com\/index.php\/wp-json\/wp\/v2\/types\/page"}],"author":[{"embeddable":true,"href":"http:\/\/folksweden.com\/index.php\/wp-json\/wp\/v2\/users\/1"}],"replies":[{"embeddable":true,"href":"http:\/\/folksweden.com\/index.php\/wp-json\/wp\/v2\/comments?post=1170"}],"version-history":[{"count":0,"href":"http:\/\/folksweden.com\/index.php\/wp-json\/wp\/v2\/pages\/1170\/revisions"}],"wp:attachment":[{"href":"http:\/\/folksweden.com\/index.php\/wp-json\/wp\/v2\/media?parent=1170"}],"curies":[{"name":"wp","href":"https:\/\/api.w.org\/{rel}","templated":true}]}}