{"id":1208,"date":"2021-12-28T21:48:41","date_gmt":"2021-12-28T21:48:41","guid":{"rendered":"http:\/\/folksweden.com\/?page_id=1208"},"modified":"2021-12-28T21:59:39","modified_gmt":"2021-12-28T21:59:39","slug":"jasspos-polska","status":"publish","type":"page","link":"http:\/\/folksweden.com\/index.php\/jasspos-polska\/","title":{"rendered":"J\u00e4ssp\u00f4s-Polska"},"content":{"rendered":"\t\t<div data-elementor-type=\"wp-page\" data-elementor-id=\"1208\" class=\"elementor elementor-1208\">\n\t\t\t\t\t\t<section class=\"elementor-section elementor-top-section elementor-element elementor-element-dc96708 elementor-section-boxed elementor-section-height-default elementor-section-height-default\" data-id=\"dc96708\" data-element_type=\"section\" data-e-type=\"section\">\n\t\t\t\t\t\t<div class=\"elementor-container elementor-column-gap-default\">\n\t\t\t\t\t<div class=\"elementor-column elementor-col-33 elementor-top-column elementor-element elementor-element-4c5079b\" data-id=\"4c5079b\" data-element_type=\"column\" data-e-type=\"column\">\n\t\t\t<div class=\"elementor-widget-wrap elementor-element-populated\">\n\t\t\t\t\t\t<div class=\"elementor-element elementor-element-eb6eb09 elementor-widget elementor-widget-text-editor\" data-id=\"eb6eb09\" data-element_type=\"widget\" data-e-type=\"widget\" data-widget_type=\"text-editor.default\">\n\t\t\t\t<div class=\"elementor-widget-container\">\n\t\t\t\t\t\t\t\t\t<p>\u00a0\u00a0<strong>J\u00e4ssp\u00f4s-Polska<\/strong> is titled using a word and alphabet letter that are not in the standard Swedish language.\u00a0 &#8220;J\u00e4ssp\u00f4s&#8221; (also j\u00e4sp\u00f4d, j\u00e4ssp\u00f4d, and other spellings) refers to a wedding feast.\u00a0 \u00a0It is tied to the word &#8220;g\u00e4stabud&#8221;, or &#8220;inviting guests&#8221;.\u00a0 \u00a0It is a very old word in a dialect that is not spoken any longer in everyday life, but that is still understood by linguists and lovers of old Swedish customs.<\/p><p>There are many tunes that can use this title, and this one is a variant from the village of Boda, in Dalarna.<\/p>\t\t\t\t\t\t\t\t<\/div>\n\t\t\t\t<\/div>\n\t\t\t\t\t<\/div>\n\t\t<\/div>\n\t\t\t\t<div class=\"elementor-column elementor-col-33 elementor-top-column elementor-element elementor-element-d16ccc8\" data-id=\"d16ccc8\" data-element_type=\"column\" data-e-type=\"column\">\n\t\t\t<div class=\"elementor-widget-wrap\">\n\t\t\t\t\t\t\t<\/div>\n\t\t<\/div>\n\t\t\t\t<div class=\"elementor-column elementor-col-33 elementor-top-column elementor-element elementor-element-725f6fd\" data-id=\"725f6fd\" data-element_type=\"column\" data-e-type=\"column\">\n\t\t\t<div class=\"elementor-widget-wrap elementor-element-populated\">\n\t\t\t\t\t\t<div class=\"elementor-element elementor-element-ec4be8e elementor-widget elementor-widget-text-editor\" data-id=\"ec4be8e\" data-element_type=\"widget\" data-e-type=\"widget\" data-widget_type=\"text-editor.default\">\n\t\t\t\t<div class=\"elementor-widget-container\">\n\t\t\t\t\t\t\t\t\t<p>It is a dance tune that was traditionally played at weddings.<\/p><p>This particular version is from the repertoire of R\u00f6j\u00e5s Erik Andersson, the source of some other tunes in this list.\u00a0 \u00a0<a href=\"https:\/\/www.youtube.com\/watch?v=dtPbaweLsz0\" target=\"_blank\" rel=\"noopener\">Here<\/a> is a YouTube video of a descendant of R\u00f6j\u00e5s Erik playing this tune for dancing.<\/p>\t\t\t\t\t\t\t\t<\/div>\n\t\t\t\t<\/div>\n\t\t\t\t\t<\/div>\n\t\t<\/div>\n\t\t\t\t\t<\/div>\n\t\t<\/section>\n\t\t\t\t<\/div>\n\t\t","protected":false},"excerpt":{"rendered":"<p>\u00a0\u00a0J\u00e4ssp\u00f4s-Polska is titled using a word and alphabet letter that are not in the standard Swedish language.\u00a0 &#8220;J\u00e4ssp\u00f4s&#8221; (also j\u00e4sp\u00f4d, j\u00e4ssp\u00f4d, and other spellings) refers to a wedding feast.\u00a0 \u00a0It is tied to the word &#8220;g\u00e4stabud&#8221;, or &#8220;inviting guests&#8221;.\u00a0 \u00a0It is a very old word in a dialect that is not spoken any longer in [&hellip;]<\/p>\n","protected":false},"author":1,"featured_media":0,"parent":0,"menu_order":0,"comment_status":"closed","ping_status":"closed","template":"","meta":{"footnotes":""},"class_list":["post-1208","page","type-page","status-publish","hentry","wpbf-post"],"_links":{"self":[{"href":"http:\/\/folksweden.com\/index.php\/wp-json\/wp\/v2\/pages\/1208","targetHints":{"allow":["GET"]}}],"collection":[{"href":"http:\/\/folksweden.com\/index.php\/wp-json\/wp\/v2\/pages"}],"about":[{"href":"http:\/\/folksweden.com\/index.php\/wp-json\/wp\/v2\/types\/page"}],"author":[{"embeddable":true,"href":"http:\/\/folksweden.com\/index.php\/wp-json\/wp\/v2\/users\/1"}],"replies":[{"embeddable":true,"href":"http:\/\/folksweden.com\/index.php\/wp-json\/wp\/v2\/comments?post=1208"}],"version-history":[{"count":0,"href":"http:\/\/folksweden.com\/index.php\/wp-json\/wp\/v2\/pages\/1208\/revisions"}],"wp:attachment":[{"href":"http:\/\/folksweden.com\/index.php\/wp-json\/wp\/v2\/media?parent=1208"}],"curies":[{"name":"wp","href":"https:\/\/api.w.org\/{rel}","templated":true}]}}