{"id":1215,"date":"2021-12-28T22:25:24","date_gmt":"2021-12-28T22:25:24","guid":{"rendered":"http:\/\/folksweden.com\/?page_id=1215"},"modified":"2022-01-13T22:23:23","modified_gmt":"2022-01-13T22:23:23","slug":"hokorarn","status":"publish","type":"page","link":"http:\/\/folksweden.com\/index.php\/hokorarn\/","title":{"rendered":"H\u00f6k\u00f6rarn"},"content":{"rendered":"\t\t<div data-elementor-type=\"wp-page\" data-elementor-id=\"1215\" class=\"elementor elementor-1215\">\n\t\t\t\t\t\t<section class=\"elementor-section elementor-top-section elementor-element elementor-element-edb4492 elementor-section-boxed elementor-section-height-default elementor-section-height-default\" data-id=\"edb4492\" data-element_type=\"section\" data-e-type=\"section\">\n\t\t\t\t\t\t<div class=\"elementor-container elementor-column-gap-default\">\n\t\t\t\t\t<div class=\"elementor-column elementor-col-33 elementor-top-column elementor-element elementor-element-377369f\" data-id=\"377369f\" data-element_type=\"column\" data-e-type=\"column\">\n\t\t\t<div class=\"elementor-widget-wrap elementor-element-populated\">\n\t\t\t\t\t\t<div class=\"elementor-element elementor-element-7b901e8 elementor-widget elementor-widget-text-editor\" data-id=\"7b901e8\" data-element_type=\"widget\" data-e-type=\"widget\" data-widget_type=\"text-editor.default\">\n\t\t\t\t<div class=\"elementor-widget-container\">\n\t\t\t\t\t\t\t\t\t<p>\u00a0\u00a0<strong>H\u00f6k\u00f6rarn<\/strong> is a waltz by a fiddler from J\u00e4mtland known as Anders i Log\u00e5r&#8217;n.\u00a0 His name was actually Anders Heljeback, and he lived in the little town of Oviken.\u00a0 \u00a0He was a much-honored fiddler there, and composed many tunes himself, besides carrying other fiddlers&#8217; traditions.<\/p><p>Though up in years, he was still actively playing in the 1960&#8217;s, and a recording of his tunes was still available 50 years after his death.<\/p>\t\t\t\t\t\t\t\t<\/div>\n\t\t\t\t<\/div>\n\t\t\t\t\t<\/div>\n\t\t<\/div>\n\t\t\t\t<div class=\"elementor-column elementor-col-33 elementor-top-column elementor-element elementor-element-b7f6dad\" data-id=\"b7f6dad\" data-element_type=\"column\" data-e-type=\"column\">\n\t\t\t<div class=\"elementor-widget-wrap elementor-element-populated\">\n\t\t\t\t\t\t<div class=\"elementor-element elementor-element-5c30156 elementor-widget elementor-widget-image\" data-id=\"5c30156\" data-element_type=\"widget\" data-e-type=\"widget\" data-widget_type=\"image.default\">\n\t\t\t\t<div class=\"elementor-widget-container\">\n\t\t\t\t\t\t\t\t\t\t\t\t\t\t\t<img fetchpriority=\"high\" decoding=\"async\" width=\"1024\" height=\"662\" src=\"http:\/\/folksweden.com\/wp-content\/uploads\/2021\/12\/Anders-i-Logarn-1024x662.jpg\" class=\"attachment-large size-large wp-image-1217\" alt=\"\" srcset=\"http:\/\/folksweden.com\/wp-content\/uploads\/2021\/12\/Anders-i-Logarn-1024x662.jpg 1024w, http:\/\/folksweden.com\/wp-content\/uploads\/2021\/12\/Anders-i-Logarn-300x194.jpg 300w, http:\/\/folksweden.com\/wp-content\/uploads\/2021\/12\/Anders-i-Logarn-768x497.jpg 768w, http:\/\/folksweden.com\/wp-content\/uploads\/2021\/12\/Anders-i-Logarn-1536x993.jpg 1536w, http:\/\/folksweden.com\/wp-content\/uploads\/2021\/12\/Anders-i-Logarn-2048x1324.jpg 2048w, http:\/\/folksweden.com\/wp-content\/uploads\/2021\/12\/Anders-i-Logarn-scaled-e1640730361924.jpg 600w\" sizes=\"(max-width: 1024px) 100vw, 1024px\" \/>\t\t\t\t\t\t\t\t\t\t\t\t\t\t\t<\/div>\n\t\t\t\t<\/div>\n\t\t\t\t\t<\/div>\n\t\t<\/div>\n\t\t\t\t<div class=\"elementor-column elementor-col-33 elementor-top-column elementor-element elementor-element-8b48901\" data-id=\"8b48901\" data-element_type=\"column\" data-e-type=\"column\">\n\t\t\t<div class=\"elementor-widget-wrap elementor-element-populated\">\n\t\t\t\t\t\t<div class=\"elementor-element elementor-element-ab555f1 elementor-widget elementor-widget-text-editor\" data-id=\"ab555f1\" data-element_type=\"widget\" data-e-type=\"widget\" data-widget_type=\"text-editor.default\">\n\t\t\t\t<div class=\"elementor-widget-container\">\n\t\t\t\t\t\t\t\t\t<p>The title of the tune can be translated as &#8220;The Hay Driver&#8221;, no doubt in reference to a person taking hay in a wagon for storage in a barn.<\/p><p><a href=\"https:\/\/www.youtube.com\/watch?v=QN2Jf8_CgLM\" target=\"_blank\" rel=\"noopener\">Here<\/a> is a YouTube recording of a northern J\u00e4mtland fiddlers&#8217; team playing H\u00f6k\u00f6rarn.<\/p><p>To the left is a photo of Anders i Log\u00e5r&#8217;n.<\/p>\t\t\t\t\t\t\t\t<\/div>\n\t\t\t\t<\/div>\n\t\t\t\t\t<\/div>\n\t\t<\/div>\n\t\t\t\t\t<\/div>\n\t\t<\/section>\n\t\t\t\t<\/div>\n\t\t","protected":false},"excerpt":{"rendered":"<p>\u00a0\u00a0H\u00f6k\u00f6rarn is a waltz by a fiddler from J\u00e4mtland known as Anders i Log\u00e5r&#8217;n.\u00a0 His name was actually Anders Heljeback, and he lived in the little town of Oviken.\u00a0 \u00a0He was a much-honored fiddler there, and composed many tunes himself, besides carrying other fiddlers&#8217; traditions. Though up in years, he was still actively playing in [&hellip;]<\/p>\n","protected":false},"author":1,"featured_media":0,"parent":0,"menu_order":0,"comment_status":"closed","ping_status":"closed","template":"","meta":{"footnotes":""},"class_list":["post-1215","page","type-page","status-publish","hentry","wpbf-post"],"_links":{"self":[{"href":"http:\/\/folksweden.com\/index.php\/wp-json\/wp\/v2\/pages\/1215","targetHints":{"allow":["GET"]}}],"collection":[{"href":"http:\/\/folksweden.com\/index.php\/wp-json\/wp\/v2\/pages"}],"about":[{"href":"http:\/\/folksweden.com\/index.php\/wp-json\/wp\/v2\/types\/page"}],"author":[{"embeddable":true,"href":"http:\/\/folksweden.com\/index.php\/wp-json\/wp\/v2\/users\/1"}],"replies":[{"embeddable":true,"href":"http:\/\/folksweden.com\/index.php\/wp-json\/wp\/v2\/comments?post=1215"}],"version-history":[{"count":0,"href":"http:\/\/folksweden.com\/index.php\/wp-json\/wp\/v2\/pages\/1215\/revisions"}],"wp:attachment":[{"href":"http:\/\/folksweden.com\/index.php\/wp-json\/wp\/v2\/media?parent=1215"}],"curies":[{"name":"wp","href":"https:\/\/api.w.org\/{rel}","templated":true}]}}