{"id":1296,"date":"2022-01-13T22:07:43","date_gmt":"2022-01-13T22:07:43","guid":{"rendered":"http:\/\/folksweden.com\/?page_id=1296"},"modified":"2022-01-13T22:16:37","modified_gmt":"2022-01-13T22:16:37","slug":"jons-lars-fars-polska","status":"publish","type":"page","link":"http:\/\/folksweden.com\/index.php\/jons-lars-fars-polska\/","title":{"rendered":"J\u00f6ns Lars Fars Polska"},"content":{"rendered":"\t\t<div data-elementor-type=\"wp-page\" data-elementor-id=\"1296\" class=\"elementor elementor-1296\">\n\t\t\t\t\t\t<section class=\"elementor-section elementor-top-section elementor-element elementor-element-1d32a32 elementor-section-boxed elementor-section-height-default elementor-section-height-default\" data-id=\"1d32a32\" data-element_type=\"section\" data-e-type=\"section\">\n\t\t\t\t\t\t<div class=\"elementor-container elementor-column-gap-default\">\n\t\t\t\t\t<div class=\"elementor-column elementor-col-33 elementor-top-column elementor-element elementor-element-df7056a\" data-id=\"df7056a\" data-element_type=\"column\" data-e-type=\"column\">\n\t\t\t<div class=\"elementor-widget-wrap elementor-element-populated\">\n\t\t\t\t\t\t<div class=\"elementor-element elementor-element-6bea894 elementor-widget elementor-widget-text-editor\" data-id=\"6bea894\" data-element_type=\"widget\" data-e-type=\"widget\" data-widget_type=\"text-editor.default\">\n\t\t\t\t<div class=\"elementor-widget-container\">\n\t\t\t\t\t\t\t\t\t<p>\u00a0\u00a0<strong>J\u00f6ns Lars Fars Polska\u00a0<\/strong>is a tune that comes to us from the R\u00e4ttvik fiddler, R\u00f6j\u00e5s Erik Andersson.\u00a0 \u00a0It refers to the father of a fiddler known as J\u00f6ns Lars.<\/p><p>\u00a0 While I am not sure of who this J\u00f6ns Lars was, there was a family that used to take the name of a particular farm called J\u00f6ns.<\/p><p>\u00a0 \u00a0<\/p>\t\t\t\t\t\t\t\t<\/div>\n\t\t\t\t<\/div>\n\t\t\t\t\t<\/div>\n\t\t<\/div>\n\t\t\t\t<div class=\"elementor-column elementor-col-33 elementor-top-column elementor-element elementor-element-c993181\" data-id=\"c993181\" data-element_type=\"column\" data-e-type=\"column\">\n\t\t\t<div class=\"elementor-widget-wrap\">\n\t\t\t\t\t\t\t<\/div>\n\t\t<\/div>\n\t\t\t\t<div class=\"elementor-column elementor-col-33 elementor-top-column elementor-element elementor-element-0723202\" data-id=\"0723202\" data-element_type=\"column\" data-e-type=\"column\">\n\t\t\t<div class=\"elementor-widget-wrap elementor-element-populated\">\n\t\t\t\t\t\t<div class=\"elementor-element elementor-element-698c780 elementor-widget elementor-widget-text-editor\" data-id=\"698c780\" data-element_type=\"widget\" data-e-type=\"widget\" data-widget_type=\"text-editor.default\">\n\t\t\t\t<div class=\"elementor-widget-container\">\n\t\t\t\t\t\t\t\t\t<p>In R\u00e4ttvik there was a J\u00f6ns Lars Olsson born in 1775, who died in 1847.\u00a0 \u00a0It is likely that this is a fiddler who played this tune, calling it his father&#8217;s piece.<\/p><p><a href=\"https:\/\/www.youtube.com\/watch?v=R0gQvNMoTFk\" target=\"_blank\" rel=\"noopener\">Here<\/a> is a YouTube video of the tune being played for dancing by a group called JPP.\u00a0 \u00a0They are Finnish musicians, but play a lot of Swedish music as well.<\/p>\t\t\t\t\t\t\t\t<\/div>\n\t\t\t\t<\/div>\n\t\t\t\t\t<\/div>\n\t\t<\/div>\n\t\t\t\t\t<\/div>\n\t\t<\/section>\n\t\t\t\t<\/div>\n\t\t","protected":false},"excerpt":{"rendered":"<p>\u00a0\u00a0J\u00f6ns Lars Fars Polska\u00a0is a tune that comes to us from the R\u00e4ttvik fiddler, R\u00f6j\u00e5s Erik Andersson.\u00a0 \u00a0It refers to the father of a fiddler known as J\u00f6ns Lars. \u00a0 While I am not sure of who this J\u00f6ns Lars was, there was a family that used to take the name of a particular farm [&hellip;]<\/p>\n","protected":false},"author":1,"featured_media":0,"parent":0,"menu_order":0,"comment_status":"closed","ping_status":"closed","template":"","meta":{"footnotes":""},"class_list":["post-1296","page","type-page","status-publish","hentry","wpbf-post"],"_links":{"self":[{"href":"http:\/\/folksweden.com\/index.php\/wp-json\/wp\/v2\/pages\/1296","targetHints":{"allow":["GET"]}}],"collection":[{"href":"http:\/\/folksweden.com\/index.php\/wp-json\/wp\/v2\/pages"}],"about":[{"href":"http:\/\/folksweden.com\/index.php\/wp-json\/wp\/v2\/types\/page"}],"author":[{"embeddable":true,"href":"http:\/\/folksweden.com\/index.php\/wp-json\/wp\/v2\/users\/1"}],"replies":[{"embeddable":true,"href":"http:\/\/folksweden.com\/index.php\/wp-json\/wp\/v2\/comments?post=1296"}],"version-history":[{"count":0,"href":"http:\/\/folksweden.com\/index.php\/wp-json\/wp\/v2\/pages\/1296\/revisions"}],"wp:attachment":[{"href":"http:\/\/folksweden.com\/index.php\/wp-json\/wp\/v2\/media?parent=1296"}],"curies":[{"name":"wp","href":"https:\/\/api.w.org\/{rel}","templated":true}]}}