{"id":1426,"date":"2022-02-08T00:50:30","date_gmt":"2022-02-08T00:50:30","guid":{"rendered":"http:\/\/folksweden.com\/?page_id=1426"},"modified":"2022-02-08T00:50:37","modified_gmt":"2022-02-08T00:50:37","slug":"hastbrytarvalsen","status":"publish","type":"page","link":"http:\/\/folksweden.com\/index.php\/hastbrytarvalsen\/","title":{"rendered":"H\u00e4stbrytarvalsen"},"content":{"rendered":"\t\t<div data-elementor-type=\"wp-page\" data-elementor-id=\"1426\" class=\"elementor elementor-1426\">\n\t\t\t\t\t\t<section class=\"elementor-section elementor-top-section elementor-element elementor-element-cf0e545 elementor-section-boxed elementor-section-height-default elementor-section-height-default\" data-id=\"cf0e545\" data-element_type=\"section\" data-e-type=\"section\">\n\t\t\t\t\t\t<div class=\"elementor-container elementor-column-gap-default\">\n\t\t\t\t\t<div class=\"elementor-column elementor-col-33 elementor-top-column elementor-element elementor-element-a844f8e\" data-id=\"a844f8e\" data-element_type=\"column\" data-e-type=\"column\">\n\t\t\t<div class=\"elementor-widget-wrap elementor-element-populated\">\n\t\t\t\t\t\t<div class=\"elementor-element elementor-element-63e7475 elementor-widget elementor-widget-text-editor\" data-id=\"63e7475\" data-element_type=\"widget\" data-e-type=\"widget\" data-widget_type=\"text-editor.default\">\n\t\t\t\t<div class=\"elementor-widget-container\">\n\t\t\t\t\t\t\t\t\t<p><b>\u00a0 H\u00e4stbrytarvalsen\u00a0<\/b>Is a well-known Swedish waltz used a lot for\u00a0<strong>gammaldans<\/strong>.\u00a0 \u00a0<\/p><p>I learned it back in 1974 on my first trip to Sweden, and heard it played at several old-time dances.\u00a0 However, I never knew the name.<\/p><p>In looking for it on the internet, I found it played on YouTube by several groups, mostly on accordion, but also on fiddle.\u00a0 \u00a0I got the name H\u00e4stbrytarvalsen that way.\u00a0 \u00a0It can be translated, I believe, as &#8220;Horse Wrangler Waltz&#8221;.\u00a0 If there is a more accurate translation, I am certain someone will let me know.<\/p>\t\t\t\t\t\t\t\t<\/div>\n\t\t\t\t<\/div>\n\t\t\t\t\t<\/div>\n\t\t<\/div>\n\t\t\t\t<div class=\"elementor-column elementor-col-33 elementor-top-column elementor-element elementor-element-0aedbcd\" data-id=\"0aedbcd\" data-element_type=\"column\" data-e-type=\"column\">\n\t\t\t<div class=\"elementor-widget-wrap\">\n\t\t\t\t\t\t\t<\/div>\n\t\t<\/div>\n\t\t\t\t<div class=\"elementor-column elementor-col-33 elementor-top-column elementor-element elementor-element-c4d726c\" data-id=\"c4d726c\" data-element_type=\"column\" data-e-type=\"column\">\n\t\t\t<div class=\"elementor-widget-wrap elementor-element-populated\">\n\t\t\t\t\t\t<div class=\"elementor-element elementor-element-cebc56d elementor-widget elementor-widget-text-editor\" data-id=\"cebc56d\" data-element_type=\"widget\" data-e-type=\"widget\" data-widget_type=\"text-editor.default\">\n\t\t\t\t<div class=\"elementor-widget-container\">\n\t\t\t\t\t\t\t\t\t<p>Among the recordings I found was one by Carl Jularbo, Sweden&#8217;s most famous accordionist, and prolific composer of dance tunes.\u00a0 \u00a0Seeing his recording led me to suspect that he was also the composer.<\/p><p>But I also found the tune transcribed by a northern Swedish fiddlers&#8217; group that called it &#8220;Kalle Olssons Vals&#8221;, attributing it to a fiddler from the province of \u00c5ngermanland, on the Baltic coast.\u00a0 \u00a0To resolve it, I contacted an expert on Carl Jularbo, and he confirmed that it was recorded by Jularbo, but that it is a much older tune, probably from the early 20th century.\u00a0 \u00a0So I am willing to accept it as a genuine \u00c5ngermanland waltz.<\/p><p><a href=\"https:\/\/www.youtube.com\/watch?v=LKmkMyRDf70\" target=\"_blank\" rel=\"noopener\">Here<\/a> you can get a YouTube recording of H\u00e4stbrytarvalsen played by Rans\u00e4tersp\u00f4jkera, one of the top old-time bands of the 1970s.<\/p>\t\t\t\t\t\t\t\t<\/div>\n\t\t\t\t<\/div>\n\t\t\t\t\t<\/div>\n\t\t<\/div>\n\t\t\t\t\t<\/div>\n\t\t<\/section>\n\t\t\t\t<section class=\"elementor-section elementor-top-section elementor-element elementor-element-cca796c elementor-section-boxed elementor-section-height-default elementor-section-height-default\" data-id=\"cca796c\" data-element_type=\"section\" data-e-type=\"section\">\n\t\t\t\t\t\t<div class=\"elementor-container elementor-column-gap-default\">\n\t\t\t\t\t<div class=\"elementor-column elementor-col-66 elementor-top-column elementor-element elementor-element-b4c78d6\" data-id=\"b4c78d6\" data-element_type=\"column\" data-e-type=\"column\">\n\t\t\t<div class=\"elementor-widget-wrap elementor-element-populated\">\n\t\t\t\t\t\t<div class=\"elementor-element elementor-element-b25deba elementor-widget elementor-widget-video\" data-id=\"b25deba\" data-element_type=\"widget\" data-e-type=\"widget\" data-settings=\"{&quot;youtube_url&quot;:&quot;https:\\\/\\\/www.youtube.com\\\/watch?v=EAgisUGGTcQ&quot;,&quot;video_type&quot;:&quot;youtube&quot;,&quot;controls&quot;:&quot;yes&quot;}\" data-widget_type=\"video.default\">\n\t\t\t\t<div class=\"elementor-widget-container\">\n\t\t\t\t\t\t\t<div class=\"elementor-wrapper elementor-open-inline\">\n\t\t\t<div class=\"elementor-video\"><\/div>\t\t<\/div>\n\t\t\t\t\t\t<\/div>\n\t\t\t\t<\/div>\n\t\t\t\t\t<\/div>\n\t\t<\/div>\n\t\t\t\t<div class=\"elementor-column elementor-col-33 elementor-top-column elementor-element elementor-element-d009275\" data-id=\"d009275\" data-element_type=\"column\" data-e-type=\"column\">\n\t\t\t<div class=\"elementor-widget-wrap elementor-element-populated\">\n\t\t\t\t\t\t<div class=\"elementor-element elementor-element-d6fd8d6 elementor-widget elementor-widget-text-editor\" data-id=\"d6fd8d6\" data-element_type=\"widget\" data-e-type=\"widget\" data-widget_type=\"text-editor.default\">\n\t\t\t\t<div class=\"elementor-widget-container\">\n\t\t\t\t\t\t\t\t\t<p>\u00a0 \u00a0 \u00a0\u00a0<\/p><p>\u00a0<\/p><p>\u00a0<\/p><p>To the left is a video of me playing it, also.<\/p>\t\t\t\t\t\t\t\t<\/div>\n\t\t\t\t<\/div>\n\t\t\t\t\t<\/div>\n\t\t<\/div>\n\t\t\t\t\t<\/div>\n\t\t<\/section>\n\t\t\t\t<\/div>\n\t\t","protected":false},"excerpt":{"rendered":"<p>\u00a0 H\u00e4stbrytarvalsen\u00a0Is a well-known Swedish waltz used a lot for\u00a0gammaldans.\u00a0 \u00a0 I learned it back in 1974 on my first trip to Sweden, and heard it played at several old-time dances.\u00a0 However, I never knew the name. In looking for it on the internet, I found it played on YouTube by several groups, mostly on [&hellip;]<\/p>\n","protected":false},"author":1,"featured_media":0,"parent":0,"menu_order":0,"comment_status":"closed","ping_status":"closed","template":"","meta":{"footnotes":""},"class_list":["post-1426","page","type-page","status-publish","hentry","wpbf-post"],"_links":{"self":[{"href":"http:\/\/folksweden.com\/index.php\/wp-json\/wp\/v2\/pages\/1426","targetHints":{"allow":["GET"]}}],"collection":[{"href":"http:\/\/folksweden.com\/index.php\/wp-json\/wp\/v2\/pages"}],"about":[{"href":"http:\/\/folksweden.com\/index.php\/wp-json\/wp\/v2\/types\/page"}],"author":[{"embeddable":true,"href":"http:\/\/folksweden.com\/index.php\/wp-json\/wp\/v2\/users\/1"}],"replies":[{"embeddable":true,"href":"http:\/\/folksweden.com\/index.php\/wp-json\/wp\/v2\/comments?post=1426"}],"version-history":[{"count":0,"href":"http:\/\/folksweden.com\/index.php\/wp-json\/wp\/v2\/pages\/1426\/revisions"}],"wp:attachment":[{"href":"http:\/\/folksweden.com\/index.php\/wp-json\/wp\/v2\/media?parent=1426"}],"curies":[{"name":"wp","href":"https:\/\/api.w.org\/{rel}","templated":true}]}}