{"id":1458,"date":"2022-02-22T19:30:42","date_gmt":"2022-02-22T19:30:42","guid":{"rendered":"http:\/\/folksweden.com\/?page_id=1458"},"modified":"2022-02-22T23:20:40","modified_gmt":"2022-02-22T23:20:40","slug":"skanklat-fran-dala-jarna","status":"publish","type":"page","link":"http:\/\/folksweden.com\/index.php\/skanklat-fran-dala-jarna\/","title":{"rendered":"Sk\u00e4nkl\u00e5t fr\u00e5n Dala-J\u00e4rna"},"content":{"rendered":"\t\t<div data-elementor-type=\"wp-page\" data-elementor-id=\"1458\" class=\"elementor elementor-1458\">\n\t\t\t\t\t\t<section class=\"elementor-section elementor-top-section elementor-element elementor-element-d2be060 elementor-section-boxed elementor-section-height-default elementor-section-height-default\" data-id=\"d2be060\" data-element_type=\"section\" data-e-type=\"section\">\n\t\t\t\t\t\t<div class=\"elementor-container elementor-column-gap-default\">\n\t\t\t\t\t<div class=\"elementor-column elementor-col-33 elementor-top-column elementor-element elementor-element-c73421b\" data-id=\"c73421b\" data-element_type=\"column\" data-e-type=\"column\">\n\t\t\t<div class=\"elementor-widget-wrap elementor-element-populated\">\n\t\t\t\t\t\t<div class=\"elementor-element elementor-element-339a87d elementor-widget elementor-widget-text-editor\" data-id=\"339a87d\" data-element_type=\"widget\" data-e-type=\"widget\" data-widget_type=\"text-editor.default\">\n\t\t\t\t<div class=\"elementor-widget-container\">\n\t\t\t\t\t\t\t\t\t<p>\u00a0 This\u00a0<strong>Sk\u00e4nkl\u00e5t fr\u00e5n Dala-J\u00e4rna<\/strong> is one of the best-known &#8220;gift-giving tunes&#8221; in Sweden.\u00a0 \u00a0It is especially recognized for it being played my many of the outstanding fiddlers of Dalarna.<\/p><p>A printed version of it was published in a book about the local culture of various towns in Dalarna.\u00a0 \u00a0There was a series, called &#8220;Med Dal\u00e4lven fr\u00e5n K\u00e4llorna till Havet&#8221; (With the Dal River from its sources to the ocean&#8221;),\u00a0 \u00a0The books contained photos, local histories, and music from the areas written about in each volume.<\/p><p>\u00a0<\/p>\t\t\t\t\t\t\t\t<\/div>\n\t\t\t\t<\/div>\n\t\t\t\t\t<\/div>\n\t\t<\/div>\n\t\t\t\t<div class=\"elementor-column elementor-col-33 elementor-top-column elementor-element elementor-element-ffcc29d\" data-id=\"ffcc29d\" data-element_type=\"column\" data-e-type=\"column\">\n\t\t\t<div class=\"elementor-widget-wrap\">\n\t\t\t\t\t\t\t<\/div>\n\t\t<\/div>\n\t\t\t\t<div class=\"elementor-column elementor-col-33 elementor-top-column elementor-element elementor-element-24fe603\" data-id=\"24fe603\" data-element_type=\"column\" data-e-type=\"column\">\n\t\t\t<div class=\"elementor-widget-wrap elementor-element-populated\">\n\t\t\t\t\t\t<div class=\"elementor-element elementor-element-537649c elementor-widget elementor-widget-text-editor\" data-id=\"537649c\" data-element_type=\"widget\" data-e-type=\"widget\" data-widget_type=\"text-editor.default\">\n\t\t\t\t<div class=\"elementor-widget-container\">\n\t\t\t\t\t\t\t\t\t<p>This was from Book Seven, Boda &amp; Bingsj\u00f6, published in 1919.<\/p><p>One of the notable recordings of the tune was done by Bj\u00f6rn St\u00e5bi and Kalle Alml\u00f6f on an album in 1973.\u00a0 \u00a0The album, &#8220;Bergtagen&#8221;, was of music by pop musician Merit Hemmingson, who specialized in modernizing traditional music using electronic instruments and a synthesizer keyboard.<\/p><p>The YouTube recording <a href=\"https:\/\/www.youtube.com\/watch?v=E-WHL-UoNQs\" target=\"_blank\" rel=\"noopener\">here<\/a> is from that album, and you can hear the modern additions after the traditional tune is underway.<\/p>\t\t\t\t\t\t\t\t<\/div>\n\t\t\t\t<\/div>\n\t\t\t\t\t<\/div>\n\t\t<\/div>\n\t\t\t\t\t<\/div>\n\t\t<\/section>\n\t\t\t\t<section class=\"elementor-section elementor-top-section elementor-element elementor-element-4f2d493 elementor-section-boxed elementor-section-height-default elementor-section-height-default\" data-id=\"4f2d493\" data-element_type=\"section\" data-e-type=\"section\">\n\t\t\t\t\t\t<div class=\"elementor-container elementor-column-gap-default\">\n\t\t\t\t\t<div class=\"elementor-column elementor-col-66 elementor-top-column elementor-element elementor-element-b7a5f72\" data-id=\"b7a5f72\" data-element_type=\"column\" data-e-type=\"column\">\n\t\t\t<div class=\"elementor-widget-wrap elementor-element-populated\">\n\t\t\t\t\t\t<div class=\"elementor-element elementor-element-41bd8a3 elementor-widget elementor-widget-video\" data-id=\"41bd8a3\" data-element_type=\"widget\" data-e-type=\"widget\" data-settings=\"{&quot;youtube_url&quot;:&quot;https:\\\/\\\/www.youtube.com\\\/watch?v=EfNY3ZzZzYo&quot;,&quot;video_type&quot;:&quot;youtube&quot;,&quot;controls&quot;:&quot;yes&quot;}\" data-widget_type=\"video.default\">\n\t\t\t\t<div class=\"elementor-widget-container\">\n\t\t\t\t\t\t\t<div class=\"elementor-wrapper elementor-open-inline\">\n\t\t\t<div class=\"elementor-video\"><\/div>\t\t<\/div>\n\t\t\t\t\t\t<\/div>\n\t\t\t\t<\/div>\n\t\t\t\t\t<\/div>\n\t\t<\/div>\n\t\t\t\t<div class=\"elementor-column elementor-col-33 elementor-top-column elementor-element elementor-element-eeff422\" data-id=\"eeff422\" data-element_type=\"column\" data-e-type=\"column\">\n\t\t\t<div class=\"elementor-widget-wrap elementor-element-populated\">\n\t\t\t\t\t\t<div class=\"elementor-element elementor-element-a468961 elementor-widget elementor-widget-text-editor\" data-id=\"a468961\" data-element_type=\"widget\" data-e-type=\"widget\" data-widget_type=\"text-editor.default\">\n\t\t\t\t<div class=\"elementor-widget-container\">\n\t\t\t\t\t\t\t\t\t<p>This is a video of me playing the Sk\u00e4nkl\u00e5t fr\u00e5n Dala-J\u00e4rna.<\/p>\t\t\t\t\t\t\t\t<\/div>\n\t\t\t\t<\/div>\n\t\t\t\t\t<\/div>\n\t\t<\/div>\n\t\t\t\t\t<\/div>\n\t\t<\/section>\n\t\t\t\t<\/div>\n\t\t","protected":false},"excerpt":{"rendered":"<p>\u00a0 This\u00a0Sk\u00e4nkl\u00e5t fr\u00e5n Dala-J\u00e4rna is one of the best-known &#8220;gift-giving tunes&#8221; in Sweden.\u00a0 \u00a0It is especially recognized for it being played my many of the outstanding fiddlers of Dalarna. A printed version of it was published in a book about the local culture of various towns in Dalarna.\u00a0 \u00a0There was a series, called &#8220;Med Dal\u00e4lven [&hellip;]<\/p>\n","protected":false},"author":1,"featured_media":0,"parent":0,"menu_order":0,"comment_status":"closed","ping_status":"closed","template":"","meta":{"footnotes":""},"class_list":["post-1458","page","type-page","status-publish","hentry","wpbf-post"],"_links":{"self":[{"href":"http:\/\/folksweden.com\/index.php\/wp-json\/wp\/v2\/pages\/1458","targetHints":{"allow":["GET"]}}],"collection":[{"href":"http:\/\/folksweden.com\/index.php\/wp-json\/wp\/v2\/pages"}],"about":[{"href":"http:\/\/folksweden.com\/index.php\/wp-json\/wp\/v2\/types\/page"}],"author":[{"embeddable":true,"href":"http:\/\/folksweden.com\/index.php\/wp-json\/wp\/v2\/users\/1"}],"replies":[{"embeddable":true,"href":"http:\/\/folksweden.com\/index.php\/wp-json\/wp\/v2\/comments?post=1458"}],"version-history":[{"count":0,"href":"http:\/\/folksweden.com\/index.php\/wp-json\/wp\/v2\/pages\/1458\/revisions"}],"wp:attachment":[{"href":"http:\/\/folksweden.com\/index.php\/wp-json\/wp\/v2\/media?parent=1458"}],"curies":[{"name":"wp","href":"https:\/\/api.w.org\/{rel}","templated":true}]}}