{"id":1708,"date":"2022-04-28T15:45:47","date_gmt":"2022-04-28T15:45:47","guid":{"rendered":"http:\/\/folksweden.com\/?page_id=1708"},"modified":"2022-04-28T15:53:52","modified_gmt":"2022-04-28T15:53:52","slug":"vallat-fran-valo","status":"publish","type":"page","link":"http:\/\/folksweden.com\/index.php\/vallat-fran-valo\/","title":{"rendered":"Vall\u00e5t fr\u00e5n Val\u00f6"},"content":{"rendered":"\t\t<div data-elementor-type=\"wp-page\" data-elementor-id=\"1708\" class=\"elementor elementor-1708\">\n\t\t\t\t\t\t<section class=\"elementor-section elementor-top-section elementor-element elementor-element-69aa53b elementor-section-boxed elementor-section-height-default elementor-section-height-default\" data-id=\"69aa53b\" data-element_type=\"section\" data-e-type=\"section\">\n\t\t\t\t\t\t<div class=\"elementor-container elementor-column-gap-default\">\n\t\t\t\t\t<div class=\"elementor-column elementor-col-33 elementor-top-column elementor-element elementor-element-23b0104\" data-id=\"23b0104\" data-element_type=\"column\" data-e-type=\"column\">\n\t\t\t<div class=\"elementor-widget-wrap elementor-element-populated\">\n\t\t\t\t\t\t<div class=\"elementor-element elementor-element-69e6a71 elementor-widget elementor-widget-text-editor\" data-id=\"69e6a71\" data-element_type=\"widget\" data-e-type=\"widget\" data-widget_type=\"text-editor.default\">\n\t\t\t\t<div class=\"elementor-widget-container\">\n\t\t\t\t\t\t\t\t\t<p>\u00a0 This is a\u00a0<strong>Vall\u00e5t fr\u00e5n Val\u00f6<\/strong> in Uppland.\u00a0 A Vall\u00e5t is a special kind of tune in Sweden, which might be called a &#8220;pastoral&#8221; in English.<\/p><p>In bygone times, Swedish farms were small.\u00a0 \u00a0In some areas in the summertime the limited acreage was used entirely for food crops and hay to be saved for the winter, while the farm animals were taken up to the hills where they could forage in the open summer pastures.\u00a0 Women on the farms were charged with this responsibility, called &#8220;going to\u00a0<strong>vall<\/strong>&#8220;.\u00a0 \u00a0In different parts of the country, the name for these pastures was usually &#8220;<strong>f\u00e4bod<\/strong>&#8221; or &#8220;<strong>s\u00e4ter<\/strong>&#8220;.<\/p><p>Music was played in the f\u00e4bod, of course, but most often on simple instruments like the cowhorn, birchbark horn, wooden flute, or just sung.\u00a0 \u00a0A tune in this tradition was a\u00a0<strong>vall\u00e5t<\/strong>.\u00a0\u00a0<\/p>\t\t\t\t\t\t\t\t<\/div>\n\t\t\t\t<\/div>\n\t\t\t\t\t<\/div>\n\t\t<\/div>\n\t\t\t\t<div class=\"elementor-column elementor-col-33 elementor-top-column elementor-element elementor-element-61b1c85\" data-id=\"61b1c85\" data-element_type=\"column\" data-e-type=\"column\">\n\t\t\t<div class=\"elementor-widget-wrap elementor-element-populated\">\n\t\t\t\t\t\t<div class=\"elementor-element elementor-element-bd5b113 elementor-widget elementor-widget-image\" data-id=\"bd5b113\" data-element_type=\"widget\" data-e-type=\"widget\" data-widget_type=\"image.default\">\n\t\t\t\t<div class=\"elementor-widget-container\">\n\t\t\t\t\t\t\t\t\t\t\t\t\t\t\t<img fetchpriority=\"high\" decoding=\"async\" width=\"1024\" height=\"683\" src=\"http:\/\/folksweden.com\/wp-content\/uploads\/2022\/04\/1977-015-1024x683.jpg\" class=\"attachment-large size-large wp-image-1711\" alt=\"\" srcset=\"http:\/\/folksweden.com\/wp-content\/uploads\/2022\/04\/1977-015-1024x683.jpg 1024w, http:\/\/folksweden.com\/wp-content\/uploads\/2022\/04\/1977-015-300x200.jpg 300w, http:\/\/folksweden.com\/wp-content\/uploads\/2022\/04\/1977-015-768x512.jpg 768w, http:\/\/folksweden.com\/wp-content\/uploads\/2022\/04\/1977-015-1536x1024.jpg 1536w, http:\/\/folksweden.com\/wp-content\/uploads\/2022\/04\/1977-015-2048x1365.jpg 2048w\" sizes=\"(max-width: 1024px) 100vw, 1024px\" \/>\t\t\t\t\t\t\t\t\t\t\t\t\t\t\t<\/div>\n\t\t\t\t<\/div>\n\t\t\t\t\t<\/div>\n\t\t<\/div>\n\t\t\t\t<div class=\"elementor-column elementor-col-33 elementor-top-column elementor-element elementor-element-8476638\" data-id=\"8476638\" data-element_type=\"column\" data-e-type=\"column\">\n\t\t\t<div class=\"elementor-widget-wrap elementor-element-populated\">\n\t\t\t\t\t\t<div class=\"elementor-element elementor-element-28f2138 elementor-widget elementor-widget-text-editor\" data-id=\"28f2138\" data-element_type=\"widget\" data-e-type=\"widget\" data-widget_type=\"text-editor.default\">\n\t\t\t\t<div class=\"elementor-widget-container\">\n\t\t\t\t\t\t\t\t\t<p>These tunes might be just for passing the time, but there were also many with specific purposes.\u00a0 They would be used to communicate with others with messages such as &#8220;We are missing a calf&#8221;, &#8220;There are strangers approaching&#8221;, or &#8220;There are wolves in the neighborhood&#8221;.<\/p><p>The message with this particular tune was simply a\u00a0<strong>lockl\u00e5t<\/strong>, or &#8220;cow call&#8221;.\u00a0<\/p><p>I first heard this tune played by the iconic fiddler\u00a0<strong>Henry Wallin<\/strong>, brother and fiddle partner of nyckelharpa great\u00a0<strong>Ceylon Wallin<\/strong>.\u00a0 \u00a0There is a family version of the tune that is simply a polska, but I was very impressed with Henry&#8217;s bow work in the Vall\u00e4t version, presented here.<\/p><p>To the left is a photo of Swedish cows in a summer pasture.<\/p>\t\t\t\t\t\t\t\t<\/div>\n\t\t\t\t<\/div>\n\t\t\t\t\t<\/div>\n\t\t<\/div>\n\t\t\t\t\t<\/div>\n\t\t<\/section>\n\t\t\t\t<section class=\"elementor-section elementor-top-section elementor-element elementor-element-6405ca6 elementor-section-boxed elementor-section-height-default elementor-section-height-default\" data-id=\"6405ca6\" data-element_type=\"section\" data-e-type=\"section\">\n\t\t\t\t\t\t<div class=\"elementor-container elementor-column-gap-default\">\n\t\t\t\t\t<div class=\"elementor-column elementor-col-66 elementor-top-column elementor-element elementor-element-0f4689c\" data-id=\"0f4689c\" data-element_type=\"column\" data-e-type=\"column\">\n\t\t\t<div class=\"elementor-widget-wrap elementor-element-populated\">\n\t\t\t\t\t\t<div class=\"elementor-element elementor-element-47f6632 elementor-widget elementor-widget-video\" data-id=\"47f6632\" data-element_type=\"widget\" data-e-type=\"widget\" data-settings=\"{&quot;youtube_url&quot;:&quot;https:\\\/\\\/www.youtube.com\\\/watch?v=6p4WGFL47es&quot;,&quot;video_type&quot;:&quot;youtube&quot;,&quot;controls&quot;:&quot;yes&quot;}\" data-widget_type=\"video.default\">\n\t\t\t\t<div class=\"elementor-widget-container\">\n\t\t\t\t\t\t\t<div class=\"elementor-wrapper elementor-open-inline\">\n\t\t\t<div class=\"elementor-video\"><\/div>\t\t<\/div>\n\t\t\t\t\t\t<\/div>\n\t\t\t\t<\/div>\n\t\t\t\t\t<\/div>\n\t\t<\/div>\n\t\t\t\t<div class=\"elementor-column elementor-col-33 elementor-top-column elementor-element elementor-element-dcb0516\" data-id=\"dcb0516\" data-element_type=\"column\" data-e-type=\"column\">\n\t\t\t<div class=\"elementor-widget-wrap elementor-element-populated\">\n\t\t\t\t\t\t<div class=\"elementor-element elementor-element-64e0fbf elementor-widget elementor-widget-text-editor\" data-id=\"64e0fbf\" data-element_type=\"widget\" data-e-type=\"widget\" data-widget_type=\"text-editor.default\">\n\t\t\t\t<div class=\"elementor-widget-container\">\n\t\t\t\t\t\t\t\t\t<p>\u00a0<\/p><p>\u00a0<\/p><p>\u00a0<\/p><p>Here is a video of me playing the Vall\u00e5t fr\u00e5n Val\u00f6, as I learned it from Henry Wallin.<\/p>\t\t\t\t\t\t\t\t<\/div>\n\t\t\t\t<\/div>\n\t\t\t\t\t<\/div>\n\t\t<\/div>\n\t\t\t\t\t<\/div>\n\t\t<\/section>\n\t\t\t\t<\/div>\n\t\t","protected":false},"excerpt":{"rendered":"<p>\u00a0 This is a\u00a0Vall\u00e5t fr\u00e5n Val\u00f6 in Uppland.\u00a0 A Vall\u00e5t is a special kind of tune in Sweden, which might be called a &#8220;pastoral&#8221; in English. In bygone times, Swedish farms were small.\u00a0 \u00a0In some areas in the summertime the limited acreage was used entirely for food crops and hay to be saved for the [&hellip;]<\/p>\n","protected":false},"author":1,"featured_media":0,"parent":0,"menu_order":0,"comment_status":"closed","ping_status":"closed","template":"","meta":{"footnotes":""},"class_list":["post-1708","page","type-page","status-publish","hentry","wpbf-post"],"_links":{"self":[{"href":"http:\/\/folksweden.com\/index.php\/wp-json\/wp\/v2\/pages\/1708","targetHints":{"allow":["GET"]}}],"collection":[{"href":"http:\/\/folksweden.com\/index.php\/wp-json\/wp\/v2\/pages"}],"about":[{"href":"http:\/\/folksweden.com\/index.php\/wp-json\/wp\/v2\/types\/page"}],"author":[{"embeddable":true,"href":"http:\/\/folksweden.com\/index.php\/wp-json\/wp\/v2\/users\/1"}],"replies":[{"embeddable":true,"href":"http:\/\/folksweden.com\/index.php\/wp-json\/wp\/v2\/comments?post=1708"}],"version-history":[{"count":0,"href":"http:\/\/folksweden.com\/index.php\/wp-json\/wp\/v2\/pages\/1708\/revisions"}],"wp:attachment":[{"href":"http:\/\/folksweden.com\/index.php\/wp-json\/wp\/v2\/media?parent=1708"}],"curies":[{"name":"wp","href":"https:\/\/api.w.org\/{rel}","templated":true}]}}