{"id":1890,"date":"2022-08-03T15:54:49","date_gmt":"2022-08-03T15:54:49","guid":{"rendered":"http:\/\/folksweden.com\/?page_id=1890"},"modified":"2022-08-03T15:56:17","modified_gmt":"2022-08-03T15:56:17","slug":"polska-fran-halleforsnas","status":"publish","type":"page","link":"http:\/\/folksweden.com\/index.php\/polska-fran-halleforsnas\/","title":{"rendered":"Polska fr\u00e5n H\u00e4lleforsn\u00e4s"},"content":{"rendered":"\t\t<div data-elementor-type=\"wp-page\" data-elementor-id=\"1890\" class=\"elementor elementor-1890\">\n\t\t\t\t\t\t<section class=\"elementor-section elementor-top-section elementor-element elementor-element-7e5ed2a elementor-section-boxed elementor-section-height-default elementor-section-height-default\" data-id=\"7e5ed2a\" data-element_type=\"section\" data-e-type=\"section\">\n\t\t\t\t\t\t<div class=\"elementor-container elementor-column-gap-default\">\n\t\t\t\t\t<div class=\"elementor-column elementor-col-33 elementor-top-column elementor-element elementor-element-4432146\" data-id=\"4432146\" data-element_type=\"column\" data-e-type=\"column\">\n\t\t\t<div class=\"elementor-widget-wrap elementor-element-populated\">\n\t\t\t\t\t\t<div class=\"elementor-element elementor-element-e80105b elementor-widget elementor-widget-text-editor\" data-id=\"e80105b\" data-element_type=\"widget\" data-e-type=\"widget\" data-widget_type=\"text-editor.default\">\n\t\t\t\t<div class=\"elementor-widget-container\">\n\t\t\t\t\t\t\t\t\t<p>\u00a0 This\u00a0<strong>Polska fr\u00e5n H\u00e4lleforsn\u00e4s<\/strong> has in the last 10 or 15 years become one of the most popular Swedish fiddle tunes worldwide.\u00a0 \u00a0<\/p><p>It is an old traditional sl\u00e4ngpolska from S\u00f6dermanland, but found its place in nyckelharpa workshops taught in many countries outside of Sweden.\u00a0 \u00a0It is now played by nyckelharpa and fiddle players, on guitar and flute, recorder, hurdy-gurdy, mandolin, and even banjo!<\/p>\t\t\t\t\t\t\t\t<\/div>\n\t\t\t\t<\/div>\n\t\t\t\t\t<\/div>\n\t\t<\/div>\n\t\t\t\t<div class=\"elementor-column elementor-col-33 elementor-top-column elementor-element elementor-element-fa352d8\" data-id=\"fa352d8\" data-element_type=\"column\" data-e-type=\"column\">\n\t\t\t<div class=\"elementor-widget-wrap\">\n\t\t\t\t\t\t\t<\/div>\n\t\t<\/div>\n\t\t\t\t<div class=\"elementor-column elementor-col-33 elementor-top-column elementor-element elementor-element-cbca4ee\" data-id=\"cbca4ee\" data-element_type=\"column\" data-e-type=\"column\">\n\t\t\t<div class=\"elementor-widget-wrap elementor-element-populated\">\n\t\t\t\t\t\t<div class=\"elementor-element elementor-element-d7424de elementor-widget elementor-widget-text-editor\" data-id=\"d7424de\" data-element_type=\"widget\" data-e-type=\"widget\" data-widget_type=\"text-editor.default\">\n\t\t\t\t<div class=\"elementor-widget-container\">\n\t\t\t\t\t\t\t\t\t<p><a href=\"https:\/\/www.youtube.com\/watch?v=Q2M0H4_qa4A\" target=\"_blank\" rel=\"noopener\"><span style=\"text-decoration: underline;\">Here<\/span><\/a> is a YouTube video of Magnus Holmstr\u00f6m, a prominent Swedish nyckelharpa player and teacher, demonstrating the Polska fr\u00e5n H\u00e4lleforsn\u00e4s.\u00a0 \u00a0The video includes a slow version where he shows the double-stops he is using.<\/p>\t\t\t\t\t\t\t\t<\/div>\n\t\t\t\t<\/div>\n\t\t\t\t\t<\/div>\n\t\t<\/div>\n\t\t\t\t\t<\/div>\n\t\t<\/section>\n\t\t\t\t<section class=\"elementor-section elementor-top-section elementor-element elementor-element-698d84a elementor-section-boxed elementor-section-height-default elementor-section-height-default\" data-id=\"698d84a\" data-element_type=\"section\" data-e-type=\"section\">\n\t\t\t\t\t\t<div class=\"elementor-container elementor-column-gap-default\">\n\t\t\t\t\t<div class=\"elementor-column elementor-col-66 elementor-top-column elementor-element elementor-element-ca93ece\" data-id=\"ca93ece\" data-element_type=\"column\" data-e-type=\"column\">\n\t\t\t<div class=\"elementor-widget-wrap elementor-element-populated\">\n\t\t\t\t\t\t<div class=\"elementor-element elementor-element-73c3d3c elementor-widget elementor-widget-video\" data-id=\"73c3d3c\" data-element_type=\"widget\" data-e-type=\"widget\" data-settings=\"{&quot;youtube_url&quot;:&quot;https:\\\/\\\/www.youtube.com\\\/watch?v=3aH7S9PIehU&quot;,&quot;video_type&quot;:&quot;youtube&quot;,&quot;controls&quot;:&quot;yes&quot;}\" data-widget_type=\"video.default\">\n\t\t\t\t<div class=\"elementor-widget-container\">\n\t\t\t\t\t\t\t<div class=\"elementor-wrapper elementor-open-inline\">\n\t\t\t<div class=\"elementor-video\"><\/div>\t\t<\/div>\n\t\t\t\t\t\t<\/div>\n\t\t\t\t<\/div>\n\t\t\t\t\t<\/div>\n\t\t<\/div>\n\t\t\t\t<div class=\"elementor-column elementor-col-33 elementor-top-column elementor-element elementor-element-5b3a13f\" data-id=\"5b3a13f\" data-element_type=\"column\" data-e-type=\"column\">\n\t\t\t<div class=\"elementor-widget-wrap elementor-element-populated\">\n\t\t\t\t\t\t<div class=\"elementor-element elementor-element-db64bdb elementor-widget elementor-widget-text-editor\" data-id=\"db64bdb\" data-element_type=\"widget\" data-e-type=\"widget\" data-widget_type=\"text-editor.default\">\n\t\t\t\t<div class=\"elementor-widget-container\">\n\t\t\t\t\t\t\t\t\t<p>\u00a0<\/p><p>\u00a0<\/p><p>And here to the left is a video of me playing it on the fiddle.<\/p>\t\t\t\t\t\t\t\t<\/div>\n\t\t\t\t<\/div>\n\t\t\t\t\t<\/div>\n\t\t<\/div>\n\t\t\t\t\t<\/div>\n\t\t<\/section>\n\t\t\t\t<\/div>\n\t\t","protected":false},"excerpt":{"rendered":"<p>\u00a0 This\u00a0Polska fr\u00e5n H\u00e4lleforsn\u00e4s has in the last 10 or 15 years become one of the most popular Swedish fiddle tunes worldwide.\u00a0 \u00a0 It is an old traditional sl\u00e4ngpolska from S\u00f6dermanland, but found its place in nyckelharpa workshops taught in many countries outside of Sweden.\u00a0 \u00a0It is now played by nyckelharpa and fiddle players, on [&hellip;]<\/p>\n","protected":false},"author":1,"featured_media":0,"parent":0,"menu_order":0,"comment_status":"closed","ping_status":"closed","template":"","meta":{"footnotes":""},"class_list":["post-1890","page","type-page","status-publish","hentry","wpbf-post"],"_links":{"self":[{"href":"http:\/\/folksweden.com\/index.php\/wp-json\/wp\/v2\/pages\/1890","targetHints":{"allow":["GET"]}}],"collection":[{"href":"http:\/\/folksweden.com\/index.php\/wp-json\/wp\/v2\/pages"}],"about":[{"href":"http:\/\/folksweden.com\/index.php\/wp-json\/wp\/v2\/types\/page"}],"author":[{"embeddable":true,"href":"http:\/\/folksweden.com\/index.php\/wp-json\/wp\/v2\/users\/1"}],"replies":[{"embeddable":true,"href":"http:\/\/folksweden.com\/index.php\/wp-json\/wp\/v2\/comments?post=1890"}],"version-history":[{"count":0,"href":"http:\/\/folksweden.com\/index.php\/wp-json\/wp\/v2\/pages\/1890\/revisions"}],"wp:attachment":[{"href":"http:\/\/folksweden.com\/index.php\/wp-json\/wp\/v2\/media?parent=1890"}],"curies":[{"name":"wp","href":"https:\/\/api.w.org\/{rel}","templated":true}]}}