{"id":2471,"date":"2022-11-16T20:27:07","date_gmt":"2022-11-16T20:27:07","guid":{"rendered":"http:\/\/folksweden.com\/?page_id=2471"},"modified":"2022-11-16T20:28:30","modified_gmt":"2022-11-16T20:28:30","slug":"a-janta-a-jag","status":"publish","type":"page","link":"http:\/\/folksweden.com\/index.php\/a-janta-a-jag\/","title":{"rendered":"\u00c5 J\u00e4nta \u00e5 Jag"},"content":{"rendered":"\t\t<div data-elementor-type=\"wp-page\" data-elementor-id=\"2471\" class=\"elementor elementor-2471\">\n\t\t\t\t\t\t<section class=\"elementor-section elementor-top-section elementor-element elementor-element-569259e elementor-section-boxed elementor-section-height-default elementor-section-height-default\" data-id=\"569259e\" data-element_type=\"section\" data-e-type=\"section\">\n\t\t\t\t\t\t<div class=\"elementor-container elementor-column-gap-default\">\n\t\t\t\t\t<div class=\"elementor-column elementor-col-33 elementor-top-column elementor-element elementor-element-998e1d6\" data-id=\"998e1d6\" data-element_type=\"column\" data-e-type=\"column\">\n\t\t\t<div class=\"elementor-widget-wrap elementor-element-populated\">\n\t\t\t\t\t\t<div class=\"elementor-element elementor-element-ac7b1a3 elementor-widget elementor-widget-text-editor\" data-id=\"ac7b1a3\" data-element_type=\"widget\" data-e-type=\"widget\" data-widget_type=\"text-editor.default\">\n\t\t\t\t<div class=\"elementor-widget-container\">\n\t\t\t\t\t\t\t\t\t<p><b>\u00a0 \u00c5 J\u00e4nta \u00e5 Jag\u00a0<\/b>is a song tune that is an essential part of the Swedish national culture.\u00a0 It was composed around the beginning of the 20th century, and was already recorded in 1904.<\/p><p>The composer was Fredrik August Dahlgren, from the province of V\u00e4rmland.\u00a0 \u00a0It has become a standard dance tune and song dance in every corner of Swden since then.<\/p>\t\t\t\t\t\t\t\t<\/div>\n\t\t\t\t<\/div>\n\t\t\t\t\t<\/div>\n\t\t<\/div>\n\t\t\t\t<div class=\"elementor-column elementor-col-33 elementor-top-column elementor-element elementor-element-7bec416\" data-id=\"7bec416\" data-element_type=\"column\" data-e-type=\"column\">\n\t\t\t<div class=\"elementor-widget-wrap\">\n\t\t\t\t\t\t\t<\/div>\n\t\t<\/div>\n\t\t\t\t<div class=\"elementor-column elementor-col-33 elementor-top-column elementor-element elementor-element-34922da\" data-id=\"34922da\" data-element_type=\"column\" data-e-type=\"column\">\n\t\t\t<div class=\"elementor-widget-wrap elementor-element-populated\">\n\t\t\t\t\t\t<div class=\"elementor-element elementor-element-8a56f18 elementor-widget elementor-widget-text-editor\" data-id=\"8a56f18\" data-element_type=\"widget\" data-e-type=\"widget\" data-widget_type=\"text-editor.default\">\n\t\t\t\t<div class=\"elementor-widget-container\">\n\t\t\t\t\t\t\t\t\t<p>Considered a &#8220;gammaldans (old-time dance&#8221; tune, it is seldom played nowadays by fiddlers except at Midsommar and Christmas festivities.\u00a0 \u00a0But EVERYONE in Sweden knows it, and it is most often either sung or played on accordion.<\/p><p>On YouTube there are scores of recordings, almost all of them either song or accordion.\u00a0 There are also some recordings there of regional dance variations of the tune.<\/p><p><a href=\"https:\/\/www.youtube.com\/watch?v=Qk77eZ0Yedk\" target=\"_blank\" rel=\"noopener\"><span style=\"text-decoration: underline;\">Here<\/span><\/a> is a video of a youth group with fiddles and accordions playing it for the dance called\u00a0<strong>hambo<\/strong>.<\/p>\t\t\t\t\t\t\t\t<\/div>\n\t\t\t\t<\/div>\n\t\t\t\t\t<\/div>\n\t\t<\/div>\n\t\t\t\t\t<\/div>\n\t\t<\/section>\n\t\t\t\t<section class=\"elementor-section elementor-top-section elementor-element elementor-element-d4c0b96 elementor-section-boxed elementor-section-height-default elementor-section-height-default\" data-id=\"d4c0b96\" data-element_type=\"section\" data-e-type=\"section\">\n\t\t\t\t\t\t<div class=\"elementor-container elementor-column-gap-default\">\n\t\t\t\t\t<div class=\"elementor-column elementor-col-66 elementor-top-column elementor-element elementor-element-9431e5d\" data-id=\"9431e5d\" data-element_type=\"column\" data-e-type=\"column\">\n\t\t\t<div class=\"elementor-widget-wrap elementor-element-populated\">\n\t\t\t\t\t\t<div class=\"elementor-element elementor-element-c06c1c8 elementor-widget elementor-widget-video\" data-id=\"c06c1c8\" data-element_type=\"widget\" data-e-type=\"widget\" data-settings=\"{&quot;youtube_url&quot;:&quot;https:\\\/\\\/www.youtube.com\\\/watch?v=jGvMmGTJDjc&quot;,&quot;video_type&quot;:&quot;youtube&quot;,&quot;controls&quot;:&quot;yes&quot;}\" data-widget_type=\"video.default\">\n\t\t\t\t<div class=\"elementor-widget-container\">\n\t\t\t\t\t\t\t<div class=\"elementor-wrapper elementor-open-inline\">\n\t\t\t<div class=\"elementor-video\"><\/div>\t\t<\/div>\n\t\t\t\t\t\t<\/div>\n\t\t\t\t<\/div>\n\t\t\t\t\t<\/div>\n\t\t<\/div>\n\t\t\t\t<div class=\"elementor-column elementor-col-33 elementor-top-column elementor-element elementor-element-114466a\" data-id=\"114466a\" data-element_type=\"column\" data-e-type=\"column\">\n\t\t\t<div class=\"elementor-widget-wrap elementor-element-populated\">\n\t\t\t\t\t\t<div class=\"elementor-element elementor-element-f26392d elementor-widget elementor-widget-text-editor\" data-id=\"f26392d\" data-element_type=\"widget\" data-e-type=\"widget\" data-widget_type=\"text-editor.default\">\n\t\t\t\t<div class=\"elementor-widget-container\">\n\t\t\t\t\t\t\t\t\t<p>\u00a0<\/p><p>\u00a0<\/p><p>And to the left is a video of me playing it alone.<\/p>\t\t\t\t\t\t\t\t<\/div>\n\t\t\t\t<\/div>\n\t\t\t\t\t<\/div>\n\t\t<\/div>\n\t\t\t\t\t<\/div>\n\t\t<\/section>\n\t\t\t\t<\/div>\n\t\t","protected":false},"excerpt":{"rendered":"<p>\u00a0 \u00c5 J\u00e4nta \u00e5 Jag\u00a0is a song tune that is an essential part of the Swedish national culture.\u00a0 It was composed around the beginning of the 20th century, and was already recorded in 1904. The composer was Fredrik August Dahlgren, from the province of V\u00e4rmland.\u00a0 \u00a0It has become a standard dance tune and song dance [&hellip;]<\/p>\n","protected":false},"author":1,"featured_media":0,"parent":0,"menu_order":0,"comment_status":"closed","ping_status":"closed","template":"","meta":{"footnotes":""},"class_list":["post-2471","page","type-page","status-publish","hentry","wpbf-post"],"_links":{"self":[{"href":"http:\/\/folksweden.com\/index.php\/wp-json\/wp\/v2\/pages\/2471","targetHints":{"allow":["GET"]}}],"collection":[{"href":"http:\/\/folksweden.com\/index.php\/wp-json\/wp\/v2\/pages"}],"about":[{"href":"http:\/\/folksweden.com\/index.php\/wp-json\/wp\/v2\/types\/page"}],"author":[{"embeddable":true,"href":"http:\/\/folksweden.com\/index.php\/wp-json\/wp\/v2\/users\/1"}],"replies":[{"embeddable":true,"href":"http:\/\/folksweden.com\/index.php\/wp-json\/wp\/v2\/comments?post=2471"}],"version-history":[{"count":0,"href":"http:\/\/folksweden.com\/index.php\/wp-json\/wp\/v2\/pages\/2471\/revisions"}],"wp:attachment":[{"href":"http:\/\/folksweden.com\/index.php\/wp-json\/wp\/v2\/media?parent=2471"}],"curies":[{"name":"wp","href":"https:\/\/api.w.org\/{rel}","templated":true}]}}