{"id":2532,"date":"2022-11-22T22:20:07","date_gmt":"2022-11-22T22:20:07","guid":{"rendered":"http:\/\/folksweden.com\/?page_id=2532"},"modified":"2022-11-22T22:24:24","modified_gmt":"2022-11-22T22:24:24","slug":"vals-efter-anders-jonsson","status":"publish","type":"page","link":"http:\/\/folksweden.com\/index.php\/vals-efter-anders-jonsson\/","title":{"rendered":"Vals efter Anders Jonsson"},"content":{"rendered":"\t\t<div data-elementor-type=\"wp-page\" data-elementor-id=\"2532\" class=\"elementor elementor-2532\">\n\t\t\t\t\t\t<section class=\"elementor-section elementor-top-section elementor-element elementor-element-5f2bd34 elementor-section-boxed elementor-section-height-default elementor-section-height-default\" data-id=\"5f2bd34\" data-element_type=\"section\" data-e-type=\"section\">\n\t\t\t\t\t\t<div class=\"elementor-container elementor-column-gap-default\">\n\t\t\t\t\t<div class=\"elementor-column elementor-col-33 elementor-top-column elementor-element elementor-element-eae4b1d\" data-id=\"eae4b1d\" data-element_type=\"column\" data-e-type=\"column\">\n\t\t\t<div class=\"elementor-widget-wrap elementor-element-populated\">\n\t\t\t\t\t\t<div class=\"elementor-element elementor-element-0f7f95d elementor-widget elementor-widget-text-editor\" data-id=\"0f7f95d\" data-element_type=\"widget\" data-e-type=\"widget\" data-widget_type=\"text-editor.default\">\n\t\t\t\t<div class=\"elementor-widget-container\">\n\t\t\t\t\t\t\t\t\t<p>\u00a0 This\u00a0<strong>Vals efter Anders Jonsson<\/strong> is a standard repertoire piece in J\u00e4mtland.<\/p><p>I learned it in 1974 from Pelle Persson, a J\u00e4mtland fiddler living in V\u00e4rmland at the time.\u00a0 \u00a0He played it in the key of F, as here, along with all the local V\u00e4rmland fiddlers who learned it from him.<\/p><p>\u00a0<\/p>\t\t\t\t\t\t\t\t<\/div>\n\t\t\t\t<\/div>\n\t\t\t\t\t<\/div>\n\t\t<\/div>\n\t\t\t\t<div class=\"elementor-column elementor-col-33 elementor-top-column elementor-element elementor-element-2fa3a73\" data-id=\"2fa3a73\" data-element_type=\"column\" data-e-type=\"column\">\n\t\t\t<div class=\"elementor-widget-wrap\">\n\t\t\t\t\t\t\t<\/div>\n\t\t<\/div>\n\t\t\t\t<div class=\"elementor-column elementor-col-33 elementor-top-column elementor-element elementor-element-c8509a1\" data-id=\"c8509a1\" data-element_type=\"column\" data-e-type=\"column\">\n\t\t\t<div class=\"elementor-widget-wrap elementor-element-populated\">\n\t\t\t\t\t\t<div class=\"elementor-element elementor-element-ef033c5 elementor-widget elementor-widget-text-editor\" data-id=\"ef033c5\" data-element_type=\"widget\" data-e-type=\"widget\" data-widget_type=\"text-editor.default\">\n\t\t\t\t<div class=\"elementor-widget-container\">\n\t\t\t\t\t\t\t\t\t<p>Years later, other fiddlers I met were playing it in C, using the same fingering, but playing one string over.\u00a0 \u00a0It turned out that a book of dance tunes had been published, and put this waltz in a different key.<\/p><p>The first known publication of it, though, was in 1926, in the key of F, in the collection\u00a0<strong>Svenska L\u00e5tar- J\u00e4mtland<\/strong>.<\/p>\t\t\t\t\t\t\t\t<\/div>\n\t\t\t\t<\/div>\n\t\t\t\t\t<\/div>\n\t\t<\/div>\n\t\t\t\t\t<\/div>\n\t\t<\/section>\n\t\t\t\t<section class=\"elementor-section elementor-top-section elementor-element elementor-element-93b3f75 elementor-section-boxed elementor-section-height-default elementor-section-height-default\" data-id=\"93b3f75\" data-element_type=\"section\" data-e-type=\"section\">\n\t\t\t\t\t\t<div class=\"elementor-container elementor-column-gap-default\">\n\t\t\t\t\t<div class=\"elementor-column elementor-col-66 elementor-top-column elementor-element elementor-element-f87dfa8\" data-id=\"f87dfa8\" data-element_type=\"column\" data-e-type=\"column\">\n\t\t\t<div class=\"elementor-widget-wrap elementor-element-populated\">\n\t\t\t\t\t\t<div class=\"elementor-element elementor-element-3f71600 elementor-widget elementor-widget-video\" data-id=\"3f71600\" data-element_type=\"widget\" data-e-type=\"widget\" data-settings=\"{&quot;youtube_url&quot;:&quot;https:\\\/\\\/www.youtube.com\\\/watch?v=3DOPkW5VTeU&quot;,&quot;video_type&quot;:&quot;youtube&quot;,&quot;controls&quot;:&quot;yes&quot;}\" data-widget_type=\"video.default\">\n\t\t\t\t<div class=\"elementor-widget-container\">\n\t\t\t\t\t\t\t<div class=\"elementor-wrapper elementor-open-inline\">\n\t\t\t<div class=\"elementor-video\"><\/div>\t\t<\/div>\n\t\t\t\t\t\t<\/div>\n\t\t\t\t<\/div>\n\t\t\t\t\t<\/div>\n\t\t<\/div>\n\t\t\t\t<div class=\"elementor-column elementor-col-33 elementor-top-column elementor-element elementor-element-c1f3af5\" data-id=\"c1f3af5\" data-element_type=\"column\" data-e-type=\"column\">\n\t\t\t<div class=\"elementor-widget-wrap elementor-element-populated\">\n\t\t\t\t\t\t<div class=\"elementor-element elementor-element-2f4d27a elementor-widget elementor-widget-text-editor\" data-id=\"2f4d27a\" data-element_type=\"widget\" data-e-type=\"widget\" data-widget_type=\"text-editor.default\">\n\t\t\t\t<div class=\"elementor-widget-container\">\n\t\t\t\t\t\t\t\t\t<p>\u00a0<\/p><p>\u00a0<\/p><p>To the left is a video of me playing it as I learned it.<\/p>\t\t\t\t\t\t\t\t<\/div>\n\t\t\t\t<\/div>\n\t\t\t\t\t<\/div>\n\t\t<\/div>\n\t\t\t\t\t<\/div>\n\t\t<\/section>\n\t\t\t\t<\/div>\n\t\t","protected":false},"excerpt":{"rendered":"<p>\u00a0 This\u00a0Vals efter Anders Jonsson is a standard repertoire piece in J\u00e4mtland. I learned it in 1974 from Pelle Persson, a J\u00e4mtland fiddler living in V\u00e4rmland at the time.\u00a0 \u00a0He played it in the key of F, as here, along with all the local V\u00e4rmland fiddlers who learned it from him. \u00a0 Years later, other [&hellip;]<\/p>\n","protected":false},"author":1,"featured_media":0,"parent":0,"menu_order":0,"comment_status":"closed","ping_status":"closed","template":"","meta":{"footnotes":""},"class_list":["post-2532","page","type-page","status-publish","hentry","wpbf-post"],"_links":{"self":[{"href":"http:\/\/folksweden.com\/index.php\/wp-json\/wp\/v2\/pages\/2532","targetHints":{"allow":["GET"]}}],"collection":[{"href":"http:\/\/folksweden.com\/index.php\/wp-json\/wp\/v2\/pages"}],"about":[{"href":"http:\/\/folksweden.com\/index.php\/wp-json\/wp\/v2\/types\/page"}],"author":[{"embeddable":true,"href":"http:\/\/folksweden.com\/index.php\/wp-json\/wp\/v2\/users\/1"}],"replies":[{"embeddable":true,"href":"http:\/\/folksweden.com\/index.php\/wp-json\/wp\/v2\/comments?post=2532"}],"version-history":[{"count":0,"href":"http:\/\/folksweden.com\/index.php\/wp-json\/wp\/v2\/pages\/2532\/revisions"}],"wp:attachment":[{"href":"http:\/\/folksweden.com\/index.php\/wp-json\/wp\/v2\/media?parent=2532"}],"curies":[{"name":"wp","href":"https:\/\/api.w.org\/{rel}","templated":true}]}}