{"id":2700,"date":"2022-12-21T18:40:19","date_gmt":"2022-12-21T18:40:19","guid":{"rendered":"http:\/\/folksweden.com\/?page_id=2700"},"modified":"2022-12-21T19:02:11","modified_gmt":"2022-12-21T19:02:11","slug":"bjorklunds-polketta","status":"publish","type":"page","link":"http:\/\/folksweden.com\/index.php\/bjorklunds-polketta\/","title":{"rendered":"Bj\u00f6rklunds Polketta"},"content":{"rendered":"\t\t<div data-elementor-type=\"wp-page\" data-elementor-id=\"2700\" class=\"elementor elementor-2700\">\n\t\t\t\t\t\t<section class=\"elementor-section elementor-top-section elementor-element elementor-element-24151b4 elementor-section-boxed elementor-section-height-default elementor-section-height-default\" data-id=\"24151b4\" data-element_type=\"section\" data-e-type=\"section\">\n\t\t\t\t\t\t<div class=\"elementor-container elementor-column-gap-default\">\n\t\t\t\t\t<div class=\"elementor-column elementor-col-33 elementor-top-column elementor-element elementor-element-480567c\" data-id=\"480567c\" data-element_type=\"column\" data-e-type=\"column\">\n\t\t\t<div class=\"elementor-widget-wrap elementor-element-populated\">\n\t\t\t\t\t\t<div class=\"elementor-element elementor-element-3d6dd14 elementor-widget elementor-widget-text-editor\" data-id=\"3d6dd14\" data-element_type=\"widget\" data-e-type=\"widget\" data-widget_type=\"text-editor.default\">\n\t\t\t\t<div class=\"elementor-widget-container\">\n\t\t\t\t\t\t\t\t\t<p>\u00a0\u00a0<strong>Bj\u00f6rklunds Polketta<\/strong> is the unusual title for this tune.\u00a0 \u00a0Everywhere else in Sweden this kind of tune is called\u00a0\u00a0<strong>polkett<\/strong>, or &#8220;little polka&#8221;.<\/p><p>The dance is similar to a polka, but using very small steps, and not involving rushing around the dance floor.<\/p><p>\u00a0<\/p>\t\t\t\t\t\t\t\t<\/div>\n\t\t\t\t<\/div>\n\t\t\t\t\t<\/div>\n\t\t<\/div>\n\t\t\t\t<div class=\"elementor-column elementor-col-33 elementor-top-column elementor-element elementor-element-31ebb4b\" data-id=\"31ebb4b\" data-element_type=\"column\" data-e-type=\"column\">\n\t\t\t<div class=\"elementor-widget-wrap\">\n\t\t\t\t\t\t\t<\/div>\n\t\t<\/div>\n\t\t\t\t<div class=\"elementor-column elementor-col-33 elementor-top-column elementor-element elementor-element-a81853a\" data-id=\"a81853a\" data-element_type=\"column\" data-e-type=\"column\">\n\t\t\t<div class=\"elementor-widget-wrap elementor-element-populated\">\n\t\t\t\t\t\t<div class=\"elementor-element elementor-element-1021e30 elementor-widget elementor-widget-text-editor\" data-id=\"1021e30\" data-element_type=\"widget\" data-e-type=\"widget\" data-widget_type=\"text-editor.default\">\n\t\t\t\t<div class=\"elementor-widget-container\">\n\t\t\t\t\t\t\t\t\t<p>The tune comes to us through a fiddler named Ingemar Bj\u00f6rklund, from Alings\u00e5s in the province of V\u00e4sterg\u00f6tland.\u00a0 \u00a0It is believed that he was a relation of the Bj\u00f6rklund family of fiddlers prominent in Alings\u00e5s in the 19th century.<\/p><p><a href=\"https:\/\/www.youtube.com\/watch?v=0mh8HCvl8AY\" target=\"_blank\" rel=\"noopener\"><span style=\"text-decoration: underline;\">Here<\/span><\/a> is a very nice video of a folkmusic group playing this tune.\u00a0 \u00a0There are several fiddles, nyckelharpor, accordions, a guitar and bass guitar, and even a flute.<\/p>\t\t\t\t\t\t\t\t<\/div>\n\t\t\t\t<\/div>\n\t\t\t\t\t<\/div>\n\t\t<\/div>\n\t\t\t\t\t<\/div>\n\t\t<\/section>\n\t\t\t\t<section class=\"elementor-section elementor-top-section elementor-element elementor-element-48e129e elementor-section-boxed elementor-section-height-default elementor-section-height-default\" data-id=\"48e129e\" data-element_type=\"section\" data-e-type=\"section\">\n\t\t\t\t\t\t<div class=\"elementor-container elementor-column-gap-default\">\n\t\t\t\t\t<div class=\"elementor-column elementor-col-66 elementor-top-column elementor-element elementor-element-b13034c\" data-id=\"b13034c\" data-element_type=\"column\" data-e-type=\"column\">\n\t\t\t<div class=\"elementor-widget-wrap elementor-element-populated\">\n\t\t\t\t\t\t<div class=\"elementor-element elementor-element-b0af011 elementor-widget elementor-widget-video\" data-id=\"b0af011\" data-element_type=\"widget\" data-e-type=\"widget\" data-settings=\"{&quot;youtube_url&quot;:&quot;https:\\\/\\\/www.youtube.com\\\/watch?v=0xQLkIeHSEc&quot;,&quot;video_type&quot;:&quot;youtube&quot;,&quot;controls&quot;:&quot;yes&quot;}\" data-widget_type=\"video.default\">\n\t\t\t\t<div class=\"elementor-widget-container\">\n\t\t\t\t\t\t\t<div class=\"elementor-wrapper elementor-open-inline\">\n\t\t\t<div class=\"elementor-video\"><\/div>\t\t<\/div>\n\t\t\t\t\t\t<\/div>\n\t\t\t\t<\/div>\n\t\t\t\t\t<\/div>\n\t\t<\/div>\n\t\t\t\t<div class=\"elementor-column elementor-col-33 elementor-top-column elementor-element elementor-element-88cc52e\" data-id=\"88cc52e\" data-element_type=\"column\" data-e-type=\"column\">\n\t\t\t<div class=\"elementor-widget-wrap elementor-element-populated\">\n\t\t\t\t\t\t<div class=\"elementor-element elementor-element-afc2de6 elementor-widget elementor-widget-text-editor\" data-id=\"afc2de6\" data-element_type=\"widget\" data-e-type=\"widget\" data-widget_type=\"text-editor.default\">\n\t\t\t\t<div class=\"elementor-widget-container\">\n\t\t\t\t\t\t\t\t\t<p>\u00a0\u00a0<\/p><p>\u00a0<\/p><p>\u00a0<\/p><p>To the left is a video of me playing\u00a0<strong>Bj\u00f6rklunds Polketta<\/strong>.<\/p>\t\t\t\t\t\t\t\t<\/div>\n\t\t\t\t<\/div>\n\t\t\t\t\t<\/div>\n\t\t<\/div>\n\t\t\t\t\t<\/div>\n\t\t<\/section>\n\t\t\t\t<\/div>\n\t\t","protected":false},"excerpt":{"rendered":"<p>\u00a0\u00a0Bj\u00f6rklunds Polketta is the unusual title for this tune.\u00a0 \u00a0Everywhere else in Sweden this kind of tune is called\u00a0\u00a0polkett, or &#8220;little polka&#8221;. The dance is similar to a polka, but using very small steps, and not involving rushing around the dance floor. \u00a0 The tune comes to us through a fiddler named Ingemar Bj\u00f6rklund, from [&hellip;]<\/p>\n","protected":false},"author":1,"featured_media":0,"parent":0,"menu_order":0,"comment_status":"closed","ping_status":"closed","template":"","meta":{"footnotes":""},"class_list":["post-2700","page","type-page","status-publish","hentry","wpbf-post"],"_links":{"self":[{"href":"http:\/\/folksweden.com\/index.php\/wp-json\/wp\/v2\/pages\/2700","targetHints":{"allow":["GET"]}}],"collection":[{"href":"http:\/\/folksweden.com\/index.php\/wp-json\/wp\/v2\/pages"}],"about":[{"href":"http:\/\/folksweden.com\/index.php\/wp-json\/wp\/v2\/types\/page"}],"author":[{"embeddable":true,"href":"http:\/\/folksweden.com\/index.php\/wp-json\/wp\/v2\/users\/1"}],"replies":[{"embeddable":true,"href":"http:\/\/folksweden.com\/index.php\/wp-json\/wp\/v2\/comments?post=2700"}],"version-history":[{"count":0,"href":"http:\/\/folksweden.com\/index.php\/wp-json\/wp\/v2\/pages\/2700\/revisions"}],"wp:attachment":[{"href":"http:\/\/folksweden.com\/index.php\/wp-json\/wp\/v2\/media?parent=2700"}],"curies":[{"name":"wp","href":"https:\/\/api.w.org\/{rel}","templated":true}]}}