{"id":2737,"date":"2022-12-23T00:01:00","date_gmt":"2022-12-23T00:01:00","guid":{"rendered":"http:\/\/folksweden.com\/?page_id=2737"},"modified":"2022-12-23T00:03:36","modified_gmt":"2022-12-23T00:03:36","slug":"bjorklingelaten","status":"publish","type":"page","link":"http:\/\/folksweden.com\/index.php\/bjorklingelaten\/","title":{"rendered":"Bj\u00f6rklingel\u00e5ten"},"content":{"rendered":"\t\t<div data-elementor-type=\"wp-page\" data-elementor-id=\"2737\" class=\"elementor elementor-2737\">\n\t\t\t\t\t\t<section class=\"elementor-section elementor-top-section elementor-element elementor-element-2c7b6f3 elementor-section-boxed elementor-section-height-default elementor-section-height-default\" data-id=\"2c7b6f3\" data-element_type=\"section\" data-e-type=\"section\">\n\t\t\t\t\t\t<div class=\"elementor-container elementor-column-gap-default\">\n\t\t\t\t\t<div class=\"elementor-column elementor-col-33 elementor-top-column elementor-element elementor-element-4d763a7\" data-id=\"4d763a7\" data-element_type=\"column\" data-e-type=\"column\">\n\t\t\t<div class=\"elementor-widget-wrap elementor-element-populated\">\n\t\t\t\t\t\t<div class=\"elementor-element elementor-element-2bccc37 elementor-widget elementor-widget-text-editor\" data-id=\"2bccc37\" data-element_type=\"widget\" data-e-type=\"widget\" data-widget_type=\"text-editor.default\">\n\t\t\t\t<div class=\"elementor-widget-container\">\n\t\t\t\t\t\t\t\t\t<p>\u00a0\u00a0<strong>Bj\u00f6rklingel\u00e5ten<\/strong> is a tune that comes to us usually attributed to the fiddler known as &#8220;G\u00e5s Anders&#8221;, who lived in Bj\u00f6rklinge, in the province of Uppland.\u00a0 \u00a0Some also credit &#8220;G\u00e5svikarn&#8221;, a fiddler from V\u00e4dd\u00f6 in Uppland.<\/p><p>The tune is a\u00a0<strong>g\u00e5ngl\u00e5t<\/strong>, or walking tune.<\/p>\t\t\t\t\t\t\t\t<\/div>\n\t\t\t\t<\/div>\n\t\t\t\t\t<\/div>\n\t\t<\/div>\n\t\t\t\t<div class=\"elementor-column elementor-col-33 elementor-top-column elementor-element elementor-element-46283c4\" data-id=\"46283c4\" data-element_type=\"column\" data-e-type=\"column\">\n\t\t\t<div class=\"elementor-widget-wrap elementor-element-populated\">\n\t\t\t\t\t\t<div class=\"elementor-element elementor-element-fdd24c8 elementor-widget elementor-widget-image\" data-id=\"fdd24c8\" data-element_type=\"widget\" data-e-type=\"widget\" data-widget_type=\"image.default\">\n\t\t\t\t<div class=\"elementor-widget-container\">\n\t\t\t\t\t\t\t\t\t\t\t\t\t\t\t<img fetchpriority=\"high\" decoding=\"async\" width=\"768\" height=\"1024\" src=\"http:\/\/folksweden.com\/wp-content\/uploads\/2021\/09\/DSCF1739-768x1024.jpg\" class=\"attachment-large size-large wp-image-526\" alt=\"\" srcset=\"http:\/\/folksweden.com\/wp-content\/uploads\/2021\/09\/DSCF1739-768x1024.jpg 768w, http:\/\/folksweden.com\/wp-content\/uploads\/2021\/09\/DSCF1739-225x300.jpg 225w, http:\/\/folksweden.com\/wp-content\/uploads\/2021\/09\/DSCF1739-1152x1536.jpg 1152w, http:\/\/folksweden.com\/wp-content\/uploads\/2021\/09\/DSCF1739-1536x2048.jpg 1536w, http:\/\/folksweden.com\/wp-content\/uploads\/2021\/09\/DSCF1739-scaled.jpg 1920w\" sizes=\"(max-width: 768px) 100vw, 768px\" \/>\t\t\t\t\t\t\t\t\t\t\t\t\t\t\t<\/div>\n\t\t\t\t<\/div>\n\t\t\t\t\t<\/div>\n\t\t<\/div>\n\t\t\t\t<div class=\"elementor-column elementor-col-33 elementor-top-column elementor-element elementor-element-d30dcdb\" data-id=\"d30dcdb\" data-element_type=\"column\" data-e-type=\"column\">\n\t\t\t<div class=\"elementor-widget-wrap elementor-element-populated\">\n\t\t\t\t\t\t<div class=\"elementor-element elementor-element-bda931d elementor-widget elementor-widget-text-editor\" data-id=\"bda931d\" data-element_type=\"widget\" data-e-type=\"widget\" data-widget_type=\"text-editor.default\">\n\t\t\t\t<div class=\"elementor-widget-container\">\n\t\t\t\t\t\t\t\t\t<p>To the left is a statue of G\u00e5s Anders that stands near the church in Bj\u00f6rklinge.\u00a0 It was made by Bror Hjorth, a prominent sculptor in Uppland<span style=\"text-decoration: underline;\">.<\/span><\/p><p><a href=\"https:\/\/www.youtube.com\/watch?v=zCuUhLEjyfw\" target=\"_blank\" rel=\"noopener\"><span style=\"text-decoration: underline;\">Here<\/span><\/a> is a YouTube video of a group of musicians (mostly fiddlers) playing at a fiddle festival.\u00a0 \u00a0<strong>Bj\u00f6rklingel\u00e5ten<\/strong> is the second tune on the video, beginning at 3:08.<\/p>\t\t\t\t\t\t\t\t<\/div>\n\t\t\t\t<\/div>\n\t\t\t\t\t<\/div>\n\t\t<\/div>\n\t\t\t\t\t<\/div>\n\t\t<\/section>\n\t\t\t\t<section class=\"elementor-section elementor-top-section elementor-element elementor-element-afdf61b elementor-section-boxed elementor-section-height-default elementor-section-height-default\" data-id=\"afdf61b\" data-element_type=\"section\" data-e-type=\"section\">\n\t\t\t\t\t\t<div class=\"elementor-container elementor-column-gap-default\">\n\t\t\t\t\t<div class=\"elementor-column elementor-col-66 elementor-top-column elementor-element elementor-element-0108962\" data-id=\"0108962\" data-element_type=\"column\" data-e-type=\"column\">\n\t\t\t<div class=\"elementor-widget-wrap elementor-element-populated\">\n\t\t\t\t\t\t<div class=\"elementor-element elementor-element-9369e16 elementor-widget elementor-widget-video\" data-id=\"9369e16\" data-element_type=\"widget\" data-e-type=\"widget\" data-settings=\"{&quot;youtube_url&quot;:&quot;https:\\\/\\\/www.youtube.com\\\/watch?v=_yZNGmuT84w&quot;,&quot;video_type&quot;:&quot;youtube&quot;,&quot;controls&quot;:&quot;yes&quot;}\" data-widget_type=\"video.default\">\n\t\t\t\t<div class=\"elementor-widget-container\">\n\t\t\t\t\t\t\t<div class=\"elementor-wrapper elementor-open-inline\">\n\t\t\t<div class=\"elementor-video\"><\/div>\t\t<\/div>\n\t\t\t\t\t\t<\/div>\n\t\t\t\t<\/div>\n\t\t\t\t\t<\/div>\n\t\t<\/div>\n\t\t\t\t<div class=\"elementor-column elementor-col-33 elementor-top-column elementor-element elementor-element-219eb31\" data-id=\"219eb31\" data-element_type=\"column\" data-e-type=\"column\">\n\t\t\t<div class=\"elementor-widget-wrap elementor-element-populated\">\n\t\t\t\t\t\t<div class=\"elementor-element elementor-element-4361543 elementor-widget elementor-widget-text-editor\" data-id=\"4361543\" data-element_type=\"widget\" data-e-type=\"widget\" data-widget_type=\"text-editor.default\">\n\t\t\t\t<div class=\"elementor-widget-container\">\n\t\t\t\t\t\t\t\t\t<p>\u00a0<\/p><p>\u00a0<\/p><p>To the left is a video of me playing\u00a0<strong>Bj\u00f6rklingel\u00e5ten<\/strong>.<\/p>\t\t\t\t\t\t\t\t<\/div>\n\t\t\t\t<\/div>\n\t\t\t\t\t<\/div>\n\t\t<\/div>\n\t\t\t\t\t<\/div>\n\t\t<\/section>\n\t\t\t\t<\/div>\n\t\t","protected":false},"excerpt":{"rendered":"<p>\u00a0\u00a0Bj\u00f6rklingel\u00e5ten is a tune that comes to us usually attributed to the fiddler known as &#8220;G\u00e5s Anders&#8221;, who lived in Bj\u00f6rklinge, in the province of Uppland.\u00a0 \u00a0Some also credit &#8220;G\u00e5svikarn&#8221;, a fiddler from V\u00e4dd\u00f6 in Uppland. The tune is a\u00a0g\u00e5ngl\u00e5t, or walking tune. To the left is a statue of G\u00e5s Anders that stands near [&hellip;]<\/p>\n","protected":false},"author":1,"featured_media":0,"parent":0,"menu_order":0,"comment_status":"closed","ping_status":"closed","template":"","meta":{"footnotes":""},"class_list":["post-2737","page","type-page","status-publish","hentry","wpbf-post"],"_links":{"self":[{"href":"http:\/\/folksweden.com\/index.php\/wp-json\/wp\/v2\/pages\/2737","targetHints":{"allow":["GET"]}}],"collection":[{"href":"http:\/\/folksweden.com\/index.php\/wp-json\/wp\/v2\/pages"}],"about":[{"href":"http:\/\/folksweden.com\/index.php\/wp-json\/wp\/v2\/types\/page"}],"author":[{"embeddable":true,"href":"http:\/\/folksweden.com\/index.php\/wp-json\/wp\/v2\/users\/1"}],"replies":[{"embeddable":true,"href":"http:\/\/folksweden.com\/index.php\/wp-json\/wp\/v2\/comments?post=2737"}],"version-history":[{"count":0,"href":"http:\/\/folksweden.com\/index.php\/wp-json\/wp\/v2\/pages\/2737\/revisions"}],"wp:attachment":[{"href":"http:\/\/folksweden.com\/index.php\/wp-json\/wp\/v2\/media?parent=2737"}],"curies":[{"name":"wp","href":"https:\/\/api.w.org\/{rel}","templated":true}]}}