{"id":503,"date":"2021-08-31T20:53:47","date_gmt":"2021-08-31T20:53:47","guid":{"rendered":"http:\/\/folksweden.com\/?page_id=503"},"modified":"2021-12-31T19:25:56","modified_gmt":"2021-12-31T19:25:56","slug":"brudmarsch-fran-vastbo-as","status":"publish","type":"page","link":"http:\/\/folksweden.com\/index.php\/brudmarsch-fran-vastbo-as\/","title":{"rendered":"Brudmarsch fr\u00e5n V\u00e4stbo-\u00c5s"},"content":{"rendered":"\t\t<div data-elementor-type=\"wp-page\" data-elementor-id=\"503\" class=\"elementor elementor-503\">\n\t\t\t\t\t\t<section class=\"elementor-section elementor-top-section elementor-element elementor-element-d195fce elementor-section-boxed elementor-section-height-default elementor-section-height-default\" data-id=\"d195fce\" data-element_type=\"section\" data-e-type=\"section\">\n\t\t\t\t\t\t<div class=\"elementor-container elementor-column-gap-default\">\n\t\t\t\t\t<div class=\"elementor-column elementor-col-33 elementor-top-column elementor-element elementor-element-3e7072a\" data-id=\"3e7072a\" data-element_type=\"column\" data-e-type=\"column\">\n\t\t\t<div class=\"elementor-widget-wrap elementor-element-populated\">\n\t\t\t\t\t\t<div class=\"elementor-element elementor-element-1425c7a elementor-widget elementor-widget-text-editor\" data-id=\"1425c7a\" data-element_type=\"widget\" data-e-type=\"widget\" data-widget_type=\"text-editor.default\">\n\t\t\t\t<div class=\"elementor-widget-container\">\n\t\t\t\t\t\t\t\t\t<p>The <strong>Brudmarsch fr\u00e5n V\u00e4stbo-\u00c5s<\/strong> is a wedding march from the province of Sm\u00e5land.\u00a0 It is known to have been played well back in the 19th century.<\/p><p>\u00a0 There is documentation of a fiddler\/clarinet player named Petter Lund.\u00a0 \u00a0When the church in \u00c5s was being built in 1869, he was hired as the fiddler during construction, and played this march on the clarinet while the stones for the walls were being carried up a path.\u00a0 He is described as walking backwards ahead of the workers so they could hear him better.\u00a0 \u00a0Of course, there were other tunes played, too, but it is something special that this tune is documented from that event.<\/p>\t\t\t\t\t\t\t\t<\/div>\n\t\t\t\t<\/div>\n\t\t\t\t\t<\/div>\n\t\t<\/div>\n\t\t\t\t<div class=\"elementor-column elementor-col-33 elementor-top-column elementor-element elementor-element-9a446ee\" data-id=\"9a446ee\" data-element_type=\"column\" data-e-type=\"column\">\n\t\t\t<div class=\"elementor-widget-wrap elementor-element-populated\">\n\t\t\t\t\t\t<div class=\"elementor-element elementor-element-fe013b1 elementor-widget elementor-widget-image\" data-id=\"fe013b1\" data-element_type=\"widget\" data-e-type=\"widget\" data-widget_type=\"image.default\">\n\t\t\t\t<div class=\"elementor-widget-container\">\n\t\t\t\t\t\t\t\t\t\t\t\t\t\t\t<img fetchpriority=\"high\" decoding=\"async\" width=\"600\" height=\"789\" src=\"http:\/\/folksweden.com\/wp-content\/uploads\/2021\/08\/As-kyrka.png\" class=\"attachment-large size-large wp-image-505\" alt=\"\" srcset=\"http:\/\/folksweden.com\/wp-content\/uploads\/2021\/08\/As-kyrka.png 600w, http:\/\/folksweden.com\/wp-content\/uploads\/2021\/08\/As-kyrka-228x300.png 228w\" sizes=\"(max-width: 600px) 100vw, 600px\" \/>\t\t\t\t\t\t\t\t\t\t\t\t\t\t\t<\/div>\n\t\t\t\t<\/div>\n\t\t\t\t\t<\/div>\n\t\t<\/div>\n\t\t\t\t<div class=\"elementor-column elementor-col-33 elementor-top-column elementor-element elementor-element-5aa267f\" data-id=\"5aa267f\" data-element_type=\"column\" data-e-type=\"column\">\n\t\t\t<div class=\"elementor-widget-wrap elementor-element-populated\">\n\t\t\t\t\t\t<div class=\"elementor-element elementor-element-a718a5b elementor-widget elementor-widget-text-editor\" data-id=\"a718a5b\" data-element_type=\"widget\" data-e-type=\"widget\" data-widget_type=\"text-editor.default\">\n\t\t\t\t<div class=\"elementor-widget-container\">\n\t\t\t\t\t\t\t\t\t<p>To the left is a picture of \u00c5s church, built in 1869\u00a0 to replace the old medieval church that was too small for the parish.\u00a0 \u00a0<\/p>\t\t\t\t\t\t\t\t<\/div>\n\t\t\t\t<\/div>\n\t\t\t\t\t<\/div>\n\t\t<\/div>\n\t\t\t\t\t<\/div>\n\t\t<\/section>\n\t\t\t\t<section class=\"elementor-section elementor-top-section elementor-element elementor-element-650b377 elementor-section-boxed elementor-section-height-default elementor-section-height-default\" data-id=\"650b377\" data-element_type=\"section\" data-e-type=\"section\">\n\t\t\t\t\t\t<div class=\"elementor-container elementor-column-gap-default\">\n\t\t\t\t\t<div class=\"elementor-column elementor-col-66 elementor-top-column elementor-element elementor-element-14b747b\" data-id=\"14b747b\" data-element_type=\"column\" data-e-type=\"column\">\n\t\t\t<div class=\"elementor-widget-wrap elementor-element-populated\">\n\t\t\t\t\t\t<div class=\"elementor-element elementor-element-ef9de32 elementor-widget elementor-widget-video\" data-id=\"ef9de32\" data-element_type=\"widget\" data-e-type=\"widget\" data-settings=\"{&quot;youtube_url&quot;:&quot;https:\\\/\\\/www.youtube.com\\\/watch?v=6BTWD5sVO70&quot;,&quot;video_type&quot;:&quot;youtube&quot;,&quot;controls&quot;:&quot;yes&quot;}\" data-widget_type=\"video.default\">\n\t\t\t\t<div class=\"elementor-widget-container\">\n\t\t\t\t\t\t\t<div class=\"elementor-wrapper elementor-open-inline\">\n\t\t\t<div class=\"elementor-video\"><\/div>\t\t<\/div>\n\t\t\t\t\t\t<\/div>\n\t\t\t\t<\/div>\n\t\t\t\t\t<\/div>\n\t\t<\/div>\n\t\t\t\t<div class=\"elementor-column elementor-col-33 elementor-top-column elementor-element elementor-element-6bfb7a3\" data-id=\"6bfb7a3\" data-element_type=\"column\" data-e-type=\"column\">\n\t\t\t<div class=\"elementor-widget-wrap elementor-element-populated\">\n\t\t\t\t\t\t<div class=\"elementor-element elementor-element-1522f32 elementor-widget elementor-widget-text-editor\" data-id=\"1522f32\" data-element_type=\"widget\" data-e-type=\"widget\" data-widget_type=\"text-editor.default\">\n\t\t\t\t<div class=\"elementor-widget-container\">\n\t\t\t\t\t\t\t\t\t<p>To the left is a video of me playing the Brudmarsch fr\u00e5n V\u00e4stbo-\u00c5s.<\/p>\t\t\t\t\t\t\t\t<\/div>\n\t\t\t\t<\/div>\n\t\t\t\t\t<\/div>\n\t\t<\/div>\n\t\t\t\t\t<\/div>\n\t\t<\/section>\n\t\t\t\t<\/div>\n\t\t","protected":false},"excerpt":{"rendered":"<p>The Brudmarsch fr\u00e5n V\u00e4stbo-\u00c5s is a wedding march from the province of Sm\u00e5land.\u00a0 It is known to have been played well back in the 19th century. \u00a0 There is documentation of a fiddler\/clarinet player named Petter Lund.\u00a0 \u00a0When the church in \u00c5s was being built in 1869, he was hired as the fiddler during construction, [&hellip;]<\/p>\n","protected":false},"author":1,"featured_media":0,"parent":0,"menu_order":0,"comment_status":"closed","ping_status":"closed","template":"","meta":{"footnotes":""},"class_list":["post-503","page","type-page","status-publish","hentry","wpbf-post"],"_links":{"self":[{"href":"http:\/\/folksweden.com\/index.php\/wp-json\/wp\/v2\/pages\/503","targetHints":{"allow":["GET"]}}],"collection":[{"href":"http:\/\/folksweden.com\/index.php\/wp-json\/wp\/v2\/pages"}],"about":[{"href":"http:\/\/folksweden.com\/index.php\/wp-json\/wp\/v2\/types\/page"}],"author":[{"embeddable":true,"href":"http:\/\/folksweden.com\/index.php\/wp-json\/wp\/v2\/users\/1"}],"replies":[{"embeddable":true,"href":"http:\/\/folksweden.com\/index.php\/wp-json\/wp\/v2\/comments?post=503"}],"version-history":[{"count":0,"href":"http:\/\/folksweden.com\/index.php\/wp-json\/wp\/v2\/pages\/503\/revisions"}],"wp:attachment":[{"href":"http:\/\/folksweden.com\/index.php\/wp-json\/wp\/v2\/media?parent=503"}],"curies":[{"name":"wp","href":"https:\/\/api.w.org\/{rel}","templated":true}]}}