{"id":637,"date":"2021-09-22T00:17:43","date_gmt":"2021-09-22T00:17:43","guid":{"rendered":"http:\/\/folksweden.com\/?page_id=637"},"modified":"2021-09-22T00:18:36","modified_gmt":"2021-09-22T00:18:36","slug":"skepparschottis","status":"publish","type":"page","link":"http:\/\/folksweden.com\/index.php\/skepparschottis\/","title":{"rendered":"Skepparschottis"},"content":{"rendered":"\t\t<div data-elementor-type=\"wp-page\" data-elementor-id=\"637\" class=\"elementor elementor-637\">\n\t\t\t\t\t\t<section class=\"elementor-section elementor-top-section elementor-element elementor-element-f6070e4 elementor-section-boxed elementor-section-height-default elementor-section-height-default\" data-id=\"f6070e4\" data-element_type=\"section\" data-e-type=\"section\">\n\t\t\t\t\t\t<div class=\"elementor-container elementor-column-gap-default\">\n\t\t\t\t\t<div class=\"elementor-column elementor-col-33 elementor-top-column elementor-element elementor-element-eb6e69b\" data-id=\"eb6e69b\" data-element_type=\"column\" data-e-type=\"column\">\n\t\t\t<div class=\"elementor-widget-wrap elementor-element-populated\">\n\t\t\t\t\t\t<div class=\"elementor-element elementor-element-7010ab4 elementor-widget elementor-widget-text-editor\" data-id=\"7010ab4\" data-element_type=\"widget\" data-e-type=\"widget\" data-widget_type=\"text-editor.default\">\n\t\t\t\t<div class=\"elementor-widget-container\">\n\t\t\t\t\t\t\t\t\t<p><strong>Skepparschottis<\/strong>, or &#8220;the Skipper Schottische&#8221;, is one of the most popular old-time dance tunes in Sweden right now.<\/p><p>\u00a0 It was composed by\u00a0<strong>Thore H\u00e4rdelin<\/strong>, one of the great living fiddlers today.\u00a0 \u00a0He is from the town of Delsbo, in H\u00e4lsingland.\u00a0 \u00a0His father, <strong>Sven H\u00e4rdelin<\/strong>, was an important leader of the fiddling movement in H\u00e4lsingland in the 20th century, and his grandfather,\u00a0<strong>Thore H\u00e4rdelin the elder<\/strong>, was a very important fiddler in the tradition.<\/p><p>\u00a0 The tune got its name when Thore bought a boat, and had all kinds of bad luck with it &#8211;\u00a0 motor breaking down, it sinking, and more.\u00a0 \u00a0He named the schottis in memory of his boating adventure.<\/p>\t\t\t\t\t\t\t\t<\/div>\n\t\t\t\t<\/div>\n\t\t\t\t\t<\/div>\n\t\t<\/div>\n\t\t\t\t<div class=\"elementor-column elementor-col-33 elementor-top-column elementor-element elementor-element-9464311\" data-id=\"9464311\" data-element_type=\"column\" data-e-type=\"column\">\n\t\t\t<div class=\"elementor-widget-wrap elementor-element-populated\">\n\t\t\t\t\t\t<div class=\"elementor-element elementor-element-adfab2b elementor-widget elementor-widget-image\" data-id=\"adfab2b\" data-element_type=\"widget\" data-e-type=\"widget\" data-widget_type=\"image.default\">\n\t\t\t\t<div class=\"elementor-widget-container\">\n\t\t\t\t\t\t\t\t\t\t\t\t\t\t\t<img fetchpriority=\"high\" decoding=\"async\" width=\"1024\" height=\"768\" src=\"http:\/\/folksweden.com\/wp-content\/uploads\/2021\/09\/IMG_1015-1024x768.jpg\" class=\"attachment-large size-large wp-image-639\" alt=\"\" srcset=\"http:\/\/folksweden.com\/wp-content\/uploads\/2021\/09\/IMG_1015-1024x768.jpg 1024w, http:\/\/folksweden.com\/wp-content\/uploads\/2021\/09\/IMG_1015-300x225.jpg 300w, http:\/\/folksweden.com\/wp-content\/uploads\/2021\/09\/IMG_1015-768x576.jpg 768w, http:\/\/folksweden.com\/wp-content\/uploads\/2021\/09\/IMG_1015-1536x1152.jpg 1536w, http:\/\/folksweden.com\/wp-content\/uploads\/2021\/09\/IMG_1015-2048x1536.jpg 2048w\" sizes=\"(max-width: 1024px) 100vw, 1024px\" \/>\t\t\t\t\t\t\t\t\t\t\t\t\t\t\t<\/div>\n\t\t\t\t<\/div>\n\t\t\t\t\t<\/div>\n\t\t<\/div>\n\t\t\t\t<div class=\"elementor-column elementor-col-33 elementor-top-column elementor-element elementor-element-47dd3a7\" data-id=\"47dd3a7\" data-element_type=\"column\" data-e-type=\"column\">\n\t\t\t<div class=\"elementor-widget-wrap elementor-element-populated\">\n\t\t\t\t\t\t<div class=\"elementor-element elementor-element-2f57783 elementor-widget elementor-widget-text-editor\" data-id=\"2f57783\" data-element_type=\"widget\" data-e-type=\"widget\" data-widget_type=\"text-editor.default\">\n\t\t\t\t<div class=\"elementor-widget-container\">\n\t\t\t\t\t\t\t\t\t<p>Thore was a nationally known character in the 1970&#8217;s and beyond.\u00a0 \u00a0He was one third of <strong>Sk\u00e4ggmanslaget<\/strong> (the Bearded Men&#8217;s Team), perhaps the most prominent fiddle group of its time in Sweden.\u00a0 \u00a0The group still performs today, even making new recordings.<\/p><p>\u00a0 He also starred in a TV documentary about\u00a0<strong>Hultkl\u00e4ppen<\/strong>, a legendary H\u00e4lsingland fiddler, and in another film about <strong>H\u00e5rgal\u00e5ten<\/strong>, in which he was the devil playing the fiddle, causing some young people to dance to death!<\/p><p>\u00a0 <a href=\"https:\/\/www.youtube.com\/watch?v=Q9CiKPh4qpE\" target=\"_blank\" rel=\"noopener\">Here<\/a> is a YouTube video of him leading a large group of fiddlers on stage at the Delsbo fiddle festival in 2019.\u00a0 \u00a0<\/p><p>\u00a0 To the left is a picture of Sk\u00e4ggmanslaget today, with Thore in the middle.<\/p>\t\t\t\t\t\t\t\t<\/div>\n\t\t\t\t<\/div>\n\t\t\t\t\t<\/div>\n\t\t<\/div>\n\t\t\t\t\t<\/div>\n\t\t<\/section>\n\t\t\t\t<\/div>\n\t\t","protected":false},"excerpt":{"rendered":"<p>Skepparschottis, or &#8220;the Skipper Schottische&#8221;, is one of the most popular old-time dance tunes in Sweden right now. \u00a0 It was composed by\u00a0Thore H\u00e4rdelin, one of the great living fiddlers today.\u00a0 \u00a0He is from the town of Delsbo, in H\u00e4lsingland.\u00a0 \u00a0His father, Sven H\u00e4rdelin, was an important leader of the fiddling movement in H\u00e4lsingland in [&hellip;]<\/p>\n","protected":false},"author":1,"featured_media":0,"parent":0,"menu_order":0,"comment_status":"closed","ping_status":"closed","template":"","meta":{"footnotes":""},"class_list":["post-637","page","type-page","status-publish","hentry","wpbf-post"],"_links":{"self":[{"href":"http:\/\/folksweden.com\/index.php\/wp-json\/wp\/v2\/pages\/637","targetHints":{"allow":["GET"]}}],"collection":[{"href":"http:\/\/folksweden.com\/index.php\/wp-json\/wp\/v2\/pages"}],"about":[{"href":"http:\/\/folksweden.com\/index.php\/wp-json\/wp\/v2\/types\/page"}],"author":[{"embeddable":true,"href":"http:\/\/folksweden.com\/index.php\/wp-json\/wp\/v2\/users\/1"}],"replies":[{"embeddable":true,"href":"http:\/\/folksweden.com\/index.php\/wp-json\/wp\/v2\/comments?post=637"}],"version-history":[{"count":0,"href":"http:\/\/folksweden.com\/index.php\/wp-json\/wp\/v2\/pages\/637\/revisions"}],"wp:attachment":[{"href":"http:\/\/folksweden.com\/index.php\/wp-json\/wp\/v2\/media?parent=637"}],"curies":[{"name":"wp","href":"https:\/\/api.w.org\/{rel}","templated":true}]}}