{"id":747,"date":"2021-10-07T00:03:13","date_gmt":"2021-10-07T00:03:13","guid":{"rendered":"http:\/\/folksweden.com\/?page_id=747"},"modified":"2021-10-07T00:15:51","modified_gmt":"2021-10-07T00:15:51","slug":"schottis-fran-lindome","status":"publish","type":"page","link":"http:\/\/folksweden.com\/index.php\/schottis-fran-lindome\/","title":{"rendered":"Schottis fr\u00e5n Lindome"},"content":{"rendered":"\t\t<div data-elementor-type=\"wp-page\" data-elementor-id=\"747\" class=\"elementor elementor-747\">\n\t\t\t\t\t\t<section class=\"elementor-section elementor-top-section elementor-element elementor-element-131a198 elementor-section-boxed elementor-section-height-default elementor-section-height-default\" data-id=\"131a198\" data-element_type=\"section\" data-e-type=\"section\">\n\t\t\t\t\t\t<div class=\"elementor-container elementor-column-gap-default\">\n\t\t\t\t\t<div class=\"elementor-column elementor-col-33 elementor-top-column elementor-element elementor-element-c1a68f4\" data-id=\"c1a68f4\" data-element_type=\"column\" data-e-type=\"column\">\n\t\t\t<div class=\"elementor-widget-wrap elementor-element-populated\">\n\t\t\t\t\t\t<div class=\"elementor-element elementor-element-c8dd093 elementor-widget elementor-widget-text-editor\" data-id=\"c8dd093\" data-element_type=\"widget\" data-e-type=\"widget\" data-widget_type=\"text-editor.default\">\n\t\t\t\t<div class=\"elementor-widget-container\">\n\t\t\t\t\t\t\t\t\t<p>\u00a0 This\u00a0<strong>Schottis fr\u00e5n Lindome<\/strong> is a very popular tune in the province of V\u00e4sterg\u00f6tland.\u00a0 Lindome is a city south of G\u00f6teborg.<\/p><p>\u00a0 The tune is #182 in the V\u00e4sterg\u00f6tland volume of\u00a0<strong>Svenska L\u00e5tar,\u00a0<\/strong>attributed to a 19th century fiddler named Martin Andersson.<\/p>\t\t\t\t\t\t\t\t<\/div>\n\t\t\t\t<\/div>\n\t\t\t\t\t<\/div>\n\t\t<\/div>\n\t\t\t\t<div class=\"elementor-column elementor-col-33 elementor-top-column elementor-element elementor-element-9f3a589\" data-id=\"9f3a589\" data-element_type=\"column\" data-e-type=\"column\">\n\t\t\t<div class=\"elementor-widget-wrap\">\n\t\t\t\t\t\t\t<\/div>\n\t\t<\/div>\n\t\t\t\t<div class=\"elementor-column elementor-col-33 elementor-top-column elementor-element elementor-element-c867792\" data-id=\"c867792\" data-element_type=\"column\" data-e-type=\"column\">\n\t\t\t<div class=\"elementor-widget-wrap elementor-element-populated\">\n\t\t\t\t\t\t<div class=\"elementor-element elementor-element-55070ca elementor-widget elementor-widget-text-editor\" data-id=\"55070ca\" data-element_type=\"widget\" data-e-type=\"widget\" data-widget_type=\"text-editor.default\">\n\t\t\t\t<div class=\"elementor-widget-container\">\n\t\t\t\t\t\t\t\t\t<p>\u00a0 Looking for the tune in YouTube, I came across a version played on what sounded like hammered dulcimer.\u00a0 \u00a0The version that tickled me, though was of two fiddlers and an accordion playing it for a special choreographed &#8220;Schottis fr\u00e5n Lindome&#8221; that has the dancers pausing or dragging their feet for a few measures several times in the first reprise.\u00a0 \u00a0You can hear how the tune is supposed to go, but the musicians drag it out for the dancers in the first part.\u00a0 \u00a0You can see it <a href=\"https:\/\/www.youtube.com\/watch?v=20bNaSHFc-k&amp;t=77s\" target=\"_blank\" rel=\"noopener\">here<\/a>.<\/p>\t\t\t\t\t\t\t\t<\/div>\n\t\t\t\t<\/div>\n\t\t\t\t\t<\/div>\n\t\t<\/div>\n\t\t\t\t\t<\/div>\n\t\t<\/section>\n\t\t\t\t<\/div>\n\t\t","protected":false},"excerpt":{"rendered":"<p>\u00a0 This\u00a0Schottis fr\u00e5n Lindome is a very popular tune in the province of V\u00e4sterg\u00f6tland.\u00a0 Lindome is a city south of G\u00f6teborg. \u00a0 The tune is #182 in the V\u00e4sterg\u00f6tland volume of\u00a0Svenska L\u00e5tar,\u00a0attributed to a 19th century fiddler named Martin Andersson. \u00a0 Looking for the tune in YouTube, I came across a version played on what [&hellip;]<\/p>\n","protected":false},"author":1,"featured_media":0,"parent":0,"menu_order":0,"comment_status":"closed","ping_status":"closed","template":"","meta":{"footnotes":""},"class_list":["post-747","page","type-page","status-publish","hentry","wpbf-post"],"_links":{"self":[{"href":"http:\/\/folksweden.com\/index.php\/wp-json\/wp\/v2\/pages\/747","targetHints":{"allow":["GET"]}}],"collection":[{"href":"http:\/\/folksweden.com\/index.php\/wp-json\/wp\/v2\/pages"}],"about":[{"href":"http:\/\/folksweden.com\/index.php\/wp-json\/wp\/v2\/types\/page"}],"author":[{"embeddable":true,"href":"http:\/\/folksweden.com\/index.php\/wp-json\/wp\/v2\/users\/1"}],"replies":[{"embeddable":true,"href":"http:\/\/folksweden.com\/index.php\/wp-json\/wp\/v2\/comments?post=747"}],"version-history":[{"count":0,"href":"http:\/\/folksweden.com\/index.php\/wp-json\/wp\/v2\/pages\/747\/revisions"}],"wp:attachment":[{"href":"http:\/\/folksweden.com\/index.php\/wp-json\/wp\/v2\/media?parent=747"}],"curies":[{"name":"wp","href":"https:\/\/api.w.org\/{rel}","templated":true}]}}