{"id":798,"date":"2021-10-13T18:22:39","date_gmt":"2021-10-13T18:22:39","guid":{"rendered":"http:\/\/folksweden.com\/?page_id=798"},"modified":"2021-10-13T18:24:07","modified_gmt":"2021-10-13T18:24:07","slug":"steklat-efter-per-persson-menlos","status":"publish","type":"page","link":"http:\/\/folksweden.com\/index.php\/steklat-efter-per-persson-menlos\/","title":{"rendered":"Stekl\u00e5t efter Per Persson Menl\u00f6s"},"content":{"rendered":"\t\t<div data-elementor-type=\"wp-page\" data-elementor-id=\"798\" class=\"elementor elementor-798\">\n\t\t\t\t\t\t<section class=\"elementor-section elementor-top-section elementor-element elementor-element-22106a4 elementor-section-boxed elementor-section-height-default elementor-section-height-default\" data-id=\"22106a4\" data-element_type=\"section\" data-e-type=\"section\">\n\t\t\t\t\t\t<div class=\"elementor-container elementor-column-gap-default\">\n\t\t\t\t\t<div class=\"elementor-column elementor-col-33 elementor-top-column elementor-element elementor-element-26c37bb\" data-id=\"26c37bb\" data-element_type=\"column\" data-e-type=\"column\">\n\t\t\t<div class=\"elementor-widget-wrap elementor-element-populated\">\n\t\t\t\t\t\t<div class=\"elementor-element elementor-element-001cc1d elementor-widget elementor-widget-text-editor\" data-id=\"001cc1d\" data-element_type=\"widget\" data-e-type=\"widget\" data-widget_type=\"text-editor.default\">\n\t\t\t\t<div class=\"elementor-widget-container\">\n\t\t\t\t\t\t\t\t\t<p>\u00a0 The\u00a0<strong>Stekl\u00e5t efter Per Persson Menl\u00f6s\u00a0<\/strong>is a type of tune not usually played by American Swedish fiddlers.\u00a0 A\u00a0<strong>stekl\u00e5t\u00a0<\/strong> &#8220;meat tune&#8221; is a ceremonial piece that was used at feasts, usually wedding feasts.<\/p><p>\u00a0 A wedding in a small village was a major event, sometimes lasting as much as 3 days in celebration.\u00a0 Fiddle music was a large part of it, and not all just for dancing.\u00a0 \u00a0There were tunes for gift-giving (sk\u00e4nkl\u00e5t), wedding marches (brudmarsch &amp; br\u00f6llopsmarsch), and tunes for the food when served.\u00a0 The stekl\u00e5t was played when the meat was brought in at the wedding dinner.<\/p><p>\u00a0 The tune is the construct of a march, but played much more slowly, to emphasize the solemnity of the occasion.<\/p>\t\t\t\t\t\t\t\t<\/div>\n\t\t\t\t<\/div>\n\t\t\t\t\t<\/div>\n\t\t<\/div>\n\t\t\t\t<div class=\"elementor-column elementor-col-33 elementor-top-column elementor-element elementor-element-f790f5e\" data-id=\"f790f5e\" data-element_type=\"column\" data-e-type=\"column\">\n\t\t\t<div class=\"elementor-widget-wrap\">\n\t\t\t\t\t\t\t<\/div>\n\t\t<\/div>\n\t\t\t\t<div class=\"elementor-column elementor-col-33 elementor-top-column elementor-element elementor-element-181b759\" data-id=\"181b759\" data-element_type=\"column\" data-e-type=\"column\">\n\t\t\t<div class=\"elementor-widget-wrap elementor-element-populated\">\n\t\t\t\t\t\t<div class=\"elementor-element elementor-element-099a4c4 elementor-widget elementor-widget-text-editor\" data-id=\"099a4c4\" data-element_type=\"widget\" data-e-type=\"widget\" data-widget_type=\"text-editor.default\">\n\t\t\t\t<div class=\"elementor-widget-container\">\n\t\t\t\t\t\t\t\t\t<p><b>\u00a0 Per Persson Menl\u00f6s\u00a0<\/b>was a noted fiddler from Hedesunda, in the province of G\u00e4strikland.\u00a0 \u00a0It is very close to the border with Uppland, and many of his tunes are played there, too.<\/p><p>\u00a0 He was devoted to his music, even as a young boy.\u00a0 \u00a0His musical talent inspired stories about him, having to do with magic and the supernatural.<\/p><p>\u00a0 <a href=\"https:\/\/www.youtube.com\/watch?v=pAZAqxkYloY\" target=\"_blank\" rel=\"noopener\">Here<\/a> is a YouTube recording of some fiddlers playing the Stekl\u00e5t efter Per Persson Menl\u00f6s.<\/p>\t\t\t\t\t\t\t\t<\/div>\n\t\t\t\t<\/div>\n\t\t\t\t\t<\/div>\n\t\t<\/div>\n\t\t\t\t\t<\/div>\n\t\t<\/section>\n\t\t\t\t<\/div>\n\t\t","protected":false},"excerpt":{"rendered":"<p>\u00a0 The\u00a0Stekl\u00e5t efter Per Persson Menl\u00f6s\u00a0is a type of tune not usually played by American Swedish fiddlers.\u00a0 A\u00a0stekl\u00e5t\u00a0 &#8220;meat tune&#8221; is a ceremonial piece that was used at feasts, usually wedding feasts. \u00a0 A wedding in a small village was a major event, sometimes lasting as much as 3 days in celebration.\u00a0 Fiddle music was [&hellip;]<\/p>\n","protected":false},"author":1,"featured_media":0,"parent":0,"menu_order":0,"comment_status":"closed","ping_status":"closed","template":"","meta":{"footnotes":""},"class_list":["post-798","page","type-page","status-publish","hentry","wpbf-post"],"_links":{"self":[{"href":"http:\/\/folksweden.com\/index.php\/wp-json\/wp\/v2\/pages\/798","targetHints":{"allow":["GET"]}}],"collection":[{"href":"http:\/\/folksweden.com\/index.php\/wp-json\/wp\/v2\/pages"}],"about":[{"href":"http:\/\/folksweden.com\/index.php\/wp-json\/wp\/v2\/types\/page"}],"author":[{"embeddable":true,"href":"http:\/\/folksweden.com\/index.php\/wp-json\/wp\/v2\/users\/1"}],"replies":[{"embeddable":true,"href":"http:\/\/folksweden.com\/index.php\/wp-json\/wp\/v2\/comments?post=798"}],"version-history":[{"count":0,"href":"http:\/\/folksweden.com\/index.php\/wp-json\/wp\/v2\/pages\/798\/revisions"}],"wp:attachment":[{"href":"http:\/\/folksweden.com\/index.php\/wp-json\/wp\/v2\/media?parent=798"}],"curies":[{"name":"wp","href":"https:\/\/api.w.org\/{rel}","templated":true}]}}