{"id":986,"date":"2021-11-19T21:56:51","date_gmt":"2021-11-19T21:56:51","guid":{"rendered":"http:\/\/folksweden.com\/?page_id=986"},"modified":"2021-11-19T22:00:38","modified_gmt":"2021-11-19T22:00:38","slug":"rullpolska-efter-pekkos-per","status":"publish","type":"page","link":"http:\/\/folksweden.com\/index.php\/rullpolska-efter-pekkos-per\/","title":{"rendered":"Rullpolska efter Pekkos Per"},"content":{"rendered":"\t\t<div data-elementor-type=\"wp-page\" data-elementor-id=\"986\" class=\"elementor elementor-986\">\n\t\t\t\t\t\t<section class=\"elementor-section elementor-top-section elementor-element elementor-element-d8351e7 elementor-section-boxed elementor-section-height-default elementor-section-height-default\" data-id=\"d8351e7\" data-element_type=\"section\" data-e-type=\"section\">\n\t\t\t\t\t\t<div class=\"elementor-container elementor-column-gap-default\">\n\t\t\t\t\t<div class=\"elementor-column elementor-col-33 elementor-top-column elementor-element elementor-element-3c63cbe\" data-id=\"3c63cbe\" data-element_type=\"column\" data-e-type=\"column\">\n\t\t\t<div class=\"elementor-widget-wrap elementor-element-populated\">\n\t\t\t\t\t\t<div class=\"elementor-element elementor-element-755e051 elementor-widget elementor-widget-text-editor\" data-id=\"755e051\" data-element_type=\"widget\" data-e-type=\"widget\" data-widget_type=\"text-editor.default\">\n\t\t\t\t<div class=\"elementor-widget-container\">\n\t\t\t\t\t\t\t\t\t<p>\u00a0 The\u00a0<strong>Rullpolska efter Pekkos Per\u00a0<\/strong>is a premium example of the style of playing polska in Bingsj\u00f6.\u00a0 \u00a0Bingsj\u00f6 is a very small village in rural Dalarna, but has a very rich musical tradition.<\/p><p>\u00a0 Pekkos Per, the fiddler this tune is credited to, was born in Bingsj\u00f6 in 1808, and died in 1877.\u00a0 He was one of the most influential fiddlers of his time in that region.\u00a0 \u00a0Hjort Anders Olsson, the great Bingsj\u00f6 fiddler of a later generation, was said to have had fiddle instruction from Pekkos Per, though Per died when Hjort Anders was just 12 years old.<\/p><p>The word &#8220;rullpolska&#8221; refers to the rapid rolling notes in the tune.\u00a0 \u00a0The technique here is not the same as in the &#8220;H\u00e4lsinge rullstr\u00e5k&#8221; in some H\u00e4lsingland Polskas.\u00a0 \u00a0(See &#8220;Pelles Rullpolska&#8221;, #51 in this list.)<\/p>\t\t\t\t\t\t\t\t<\/div>\n\t\t\t\t<\/div>\n\t\t\t\t\t<\/div>\n\t\t<\/div>\n\t\t\t\t<div class=\"elementor-column elementor-col-33 elementor-top-column elementor-element elementor-element-6585290\" data-id=\"6585290\" data-element_type=\"column\" data-e-type=\"column\">\n\t\t\t<div class=\"elementor-widget-wrap elementor-element-populated\">\n\t\t\t\t\t\t<div class=\"elementor-element elementor-element-093012c elementor-widget elementor-widget-image\" data-id=\"093012c\" data-element_type=\"widget\" data-e-type=\"widget\" data-widget_type=\"image.default\">\n\t\t\t\t<div class=\"elementor-widget-container\">\n\t\t\t\t\t\t\t\t\t\t\t\t\t\t\t<img fetchpriority=\"high\" decoding=\"async\" width=\"758\" height=\"475\" src=\"http:\/\/folksweden.com\/wp-content\/uploads\/2021\/10\/bingsjo.jpg\" class=\"attachment-large size-large wp-image-834\" alt=\"\" srcset=\"http:\/\/folksweden.com\/wp-content\/uploads\/2021\/10\/bingsjo.jpg 758w, http:\/\/folksweden.com\/wp-content\/uploads\/2021\/10\/bingsjo-300x188.jpg 300w\" sizes=\"(max-width: 758px) 100vw, 758px\" \/>\t\t\t\t\t\t\t\t\t\t\t\t\t\t\t<\/div>\n\t\t\t\t<\/div>\n\t\t\t\t\t<\/div>\n\t\t<\/div>\n\t\t\t\t<div class=\"elementor-column elementor-col-33 elementor-top-column elementor-element elementor-element-985a018\" data-id=\"985a018\" data-element_type=\"column\" data-e-type=\"column\">\n\t\t\t<div class=\"elementor-widget-wrap elementor-element-populated\">\n\t\t\t\t\t\t<div class=\"elementor-element elementor-element-758bed3 elementor-widget elementor-widget-text-editor\" data-id=\"758bed3\" data-element_type=\"widget\" data-e-type=\"widget\" data-widget_type=\"text-editor.default\">\n\t\t\t\t<div class=\"elementor-widget-container\">\n\t\t\t\t\t\t\t\t\t<p>The farmstead where Pekkos Per lived in Bingsj\u00f6, Pekkosg\u00e5rden, is the site of Sweden&#8217;s largest fiddle festival.\u00a0 \u00a0Held on the first Wednesday in July every year, it attracts thousands of attendees, for a while having as many as 30,000 each year.<\/p><p>Remarkable to me about the Bingsj\u00f6 festival is that most people do not arrive until Wednesday, and the program, jamming, and dancing take place primarily Wednesday evening and night, but most people are gone by late morning on Thursday, without leaving tons of litter spread all over the grounds.<\/p><p>\u00a0 To the left is a picture of Pekkosg\u00e5rden during the festival in 1974.<\/p><p>\u00a0 <a href=\"https:\/\/www.youtube.com\/watch?v=pAN0QekN818\" target=\"_blank\" rel=\"noopener\">Here<\/a> is a YouTube recording of some prominent Dalarna fiddlers playing Pekkos Pers Rullpolska.<\/p>\t\t\t\t\t\t\t\t<\/div>\n\t\t\t\t<\/div>\n\t\t\t\t\t<\/div>\n\t\t<\/div>\n\t\t\t\t\t<\/div>\n\t\t<\/section>\n\t\t\t\t<\/div>\n\t\t","protected":false},"excerpt":{"rendered":"<p>\u00a0 The\u00a0Rullpolska efter Pekkos Per\u00a0is a premium example of the style of playing polska in Bingsj\u00f6.\u00a0 \u00a0Bingsj\u00f6 is a very small village in rural Dalarna, but has a very rich musical tradition. \u00a0 Pekkos Per, the fiddler this tune is credited to, was born in Bingsj\u00f6 in 1808, and died in 1877.\u00a0 He was one [&hellip;]<\/p>\n","protected":false},"author":1,"featured_media":0,"parent":0,"menu_order":0,"comment_status":"closed","ping_status":"closed","template":"","meta":{"footnotes":""},"class_list":["post-986","page","type-page","status-publish","hentry","wpbf-post"],"_links":{"self":[{"href":"http:\/\/folksweden.com\/index.php\/wp-json\/wp\/v2\/pages\/986","targetHints":{"allow":["GET"]}}],"collection":[{"href":"http:\/\/folksweden.com\/index.php\/wp-json\/wp\/v2\/pages"}],"about":[{"href":"http:\/\/folksweden.com\/index.php\/wp-json\/wp\/v2\/types\/page"}],"author":[{"embeddable":true,"href":"http:\/\/folksweden.com\/index.php\/wp-json\/wp\/v2\/users\/1"}],"replies":[{"embeddable":true,"href":"http:\/\/folksweden.com\/index.php\/wp-json\/wp\/v2\/comments?post=986"}],"version-history":[{"count":0,"href":"http:\/\/folksweden.com\/index.php\/wp-json\/wp\/v2\/pages\/986\/revisions"}],"wp:attachment":[{"href":"http:\/\/folksweden.com\/index.php\/wp-json\/wp\/v2\/media?parent=986"}],"curies":[{"name":"wp","href":"https:\/\/api.w.org\/{rel}","templated":true}]}}