{"id":5064,"date":"2024-08-29T18:31:36","date_gmt":"2024-08-29T18:31:36","guid":{"rendered":"https:\/\/folksweden.com\/?page_id=5064"},"modified":"2024-08-29T18:42:29","modified_gmt":"2024-08-29T18:42:29","slug":"brannvinspolska-efter-hultklappen","status":"publish","type":"page","link":"https:\/\/folksweden.com\/index.php\/brannvinspolska-efter-hultklappen\/","title":{"rendered":"Br\u00e4nnvinspolska efter Hultkl\u00e4ppen"},"content":{"rendered":"\t\t<div data-elementor-type=\"wp-page\" data-elementor-id=\"5064\" class=\"elementor elementor-5064\">\n\t\t\t\t\t\t<section class=\"elementor-section elementor-top-section elementor-element elementor-element-c8bf666 elementor-section-boxed elementor-section-height-default elementor-section-height-default\" data-id=\"c8bf666\" data-element_type=\"section\" data-e-type=\"section\">\n\t\t\t\t\t\t<div class=\"elementor-container elementor-column-gap-default\">\n\t\t\t\t\t<div class=\"elementor-column elementor-col-33 elementor-top-column elementor-element elementor-element-4041f5a\" data-id=\"4041f5a\" data-element_type=\"column\" data-e-type=\"column\">\n\t\t\t<div class=\"elementor-widget-wrap elementor-element-populated\">\n\t\t\t\t\t\t<div class=\"elementor-element elementor-element-aeef786 elementor-widget elementor-widget-text-editor\" data-id=\"aeef786\" data-element_type=\"widget\" data-e-type=\"widget\" data-widget_type=\"text-editor.default\">\n\t\t\t\t<div class=\"elementor-widget-container\">\n\t\t\t\t\t\t\t\t\t<p>\u00a0 Hultkl\u00e4ppen was a fiddler of the late 1800&#8217;s to early 1900&#8217;s in northern H\u00e4lsingland.\u00a0 He was known as a ne&#8217;er do well and a drunkard, but was undeniably the best fiddler in the region.<\/p><p>Many are the stories about him.\u00a0 He was an extraordionarily eccentric character, and his music continues to be honored and played even today.<\/p><p>&#8220;Br\u00e4nnvinspolska&#8221; translates as &#8220;Brandy Tune&#8221;.<\/p>\t\t\t\t\t\t\t\t<\/div>\n\t\t\t\t<\/div>\n\t\t\t\t\t<\/div>\n\t\t<\/div>\n\t\t\t\t<div class=\"elementor-column elementor-col-33 elementor-top-column elementor-element elementor-element-e07eb8d\" data-id=\"e07eb8d\" data-element_type=\"column\" data-e-type=\"column\">\n\t\t\t<div class=\"elementor-widget-wrap\">\n\t\t\t\t\t\t\t<\/div>\n\t\t<\/div>\n\t\t\t\t<div class=\"elementor-column elementor-col-33 elementor-top-column elementor-element elementor-element-7a691db\" data-id=\"7a691db\" data-element_type=\"column\" data-e-type=\"column\">\n\t\t\t<div class=\"elementor-widget-wrap elementor-element-populated\">\n\t\t\t\t\t\t<div class=\"elementor-element elementor-element-486edd3 elementor-widget elementor-widget-text-editor\" data-id=\"486edd3\" data-element_type=\"widget\" data-e-type=\"widget\" data-widget_type=\"text-editor.default\">\n\t\t\t\t<div class=\"elementor-widget-container\">\n\t\t\t\t\t\t\t\t\t<p>In 1977 a television documentary was filmed about Hultkl\u00e4ppen.\u00a0 In one scene he interrupts a temperance meeting and drunkenly plays a fabulous tune, leading the entire group of attendees to follow him out into the winter night to hear him play.<\/p><p>Thore H\u00e4rdelin, legendary H\u00e4lsingland fiddler himself, appears in the documentary playing the role of Hultkl\u00e4ppen, and performing the Br\u00e4nnvinspolska.\u00a0 \u00a0You will find it beginning at point 1.28 in the clip <a href=\"https:\/\/www.youtube.com\/watch?v=975O6X6syck\" target=\"_blank\" rel=\"noopener\"><span style=\"text-decoration: underline;\">here<\/span><\/a>.\u00a0<\/p>\t\t\t\t\t\t\t\t<\/div>\n\t\t\t\t<\/div>\n\t\t\t\t\t<\/div>\n\t\t<\/div>\n\t\t\t\t\t<\/div>\n\t\t<\/section>\n\t\t\t\t<\/div>\n\t\t","protected":false},"excerpt":{"rendered":"<p>\u00a0 Hultkl\u00e4ppen was a fiddler of the late 1800&#8217;s to early 1900&#8217;s in northern H\u00e4lsingland.\u00a0 He was known as a ne&#8217;er do well and a drunkard, but was undeniably the best fiddler in the region. Many are the stories about him.\u00a0 He was an extraordionarily eccentric character, and his music continues to be honored and [&hellip;]<\/p>\n","protected":false},"author":1,"featured_media":0,"parent":0,"menu_order":0,"comment_status":"closed","ping_status":"closed","template":"","meta":{"footnotes":""},"class_list":["post-5064","page","type-page","status-publish","hentry","wpbf-post"],"_links":{"self":[{"href":"https:\/\/folksweden.com\/index.php\/wp-json\/wp\/v2\/pages\/5064","targetHints":{"allow":["GET"]}}],"collection":[{"href":"https:\/\/folksweden.com\/index.php\/wp-json\/wp\/v2\/pages"}],"about":[{"href":"https:\/\/folksweden.com\/index.php\/wp-json\/wp\/v2\/types\/page"}],"author":[{"embeddable":true,"href":"https:\/\/folksweden.com\/index.php\/wp-json\/wp\/v2\/users\/1"}],"replies":[{"embeddable":true,"href":"https:\/\/folksweden.com\/index.php\/wp-json\/wp\/v2\/comments?post=5064"}],"version-history":[{"count":0,"href":"https:\/\/folksweden.com\/index.php\/wp-json\/wp\/v2\/pages\/5064\/revisions"}],"wp:attachment":[{"href":"https:\/\/folksweden.com\/index.php\/wp-json\/wp\/v2\/media?parent=5064"}],"curies":[{"name":"wp","href":"https:\/\/api.w.org\/{rel}","templated":true}]}}