{"id":5197,"date":"2024-09-27T13:52:00","date_gmt":"2024-09-27T13:52:00","guid":{"rendered":"https:\/\/folksweden.com\/?page_id=5197"},"modified":"2024-09-27T13:57:03","modified_gmt":"2024-09-27T13:57:03","slug":"brudlat-fran-oje-kapell","status":"publish","type":"page","link":"https:\/\/folksweden.com\/index.php\/brudlat-fran-oje-kapell\/","title":{"rendered":"Brudl\u00e5t fr\u00e5n \u00d6je Kapell"},"content":{"rendered":"\t\t<div data-elementor-type=\"wp-page\" data-elementor-id=\"5197\" class=\"elementor elementor-5197\">\n\t\t\t\t\t\t<section class=\"elementor-section elementor-top-section elementor-element elementor-element-458c911 elementor-section-boxed elementor-section-height-default elementor-section-height-default\" data-id=\"458c911\" data-element_type=\"section\" data-e-type=\"section\">\n\t\t\t\t\t\t<div class=\"elementor-container elementor-column-gap-default\">\n\t\t\t\t\t<div class=\"elementor-column elementor-col-33 elementor-top-column elementor-element elementor-element-f6af58b\" data-id=\"f6af58b\" data-element_type=\"column\" data-e-type=\"column\">\n\t\t\t<div class=\"elementor-widget-wrap elementor-element-populated\">\n\t\t\t\t\t\t<div class=\"elementor-element elementor-element-369f308 elementor-widget elementor-widget-text-editor\" data-id=\"369f308\" data-element_type=\"widget\" data-e-type=\"widget\" data-widget_type=\"text-editor.default\">\n\t\t\t\t<div class=\"elementor-widget-container\">\n\t\t\t\t\t\t\t\t\t<p>\u00a0This tune, a bridal march, is from \u00d6je, a village not far from the town of Malung, in the province of Dalarna.<\/p><p>The title refers to the chapel in the village, built in 1830.\u00a0 Once known for its leather and clothing manufacture, \u00d6je is primarily a tourist town now.<\/p><p>Often just called &#8220;\u00d6je Brudl\u00e5t&#8221;, this tune was published in one of the first popular collections of Swedish fiddle music in 1956.\u00a0 It has remained in the common repertoire ever since.<\/p><p>\u00a0<\/p>\t\t\t\t\t\t\t\t<\/div>\n\t\t\t\t<\/div>\n\t\t\t\t\t<\/div>\n\t\t<\/div>\n\t\t\t\t<div class=\"elementor-column elementor-col-33 elementor-top-column elementor-element elementor-element-9ce12c5\" data-id=\"9ce12c5\" data-element_type=\"column\" data-e-type=\"column\">\n\t\t\t<div class=\"elementor-widget-wrap\">\n\t\t\t\t\t\t\t<\/div>\n\t\t<\/div>\n\t\t\t\t<div class=\"elementor-column elementor-col-33 elementor-top-column elementor-element elementor-element-ed4db50\" data-id=\"ed4db50\" data-element_type=\"column\" data-e-type=\"column\">\n\t\t\t<div class=\"elementor-widget-wrap elementor-element-populated\">\n\t\t\t\t\t\t<div class=\"elementor-element elementor-element-4b6dbc1 elementor-widget elementor-widget-text-editor\" data-id=\"4b6dbc1\" data-element_type=\"widget\" data-e-type=\"widget\" data-widget_type=\"text-editor.default\">\n\t\t\t\t<div class=\"elementor-widget-container\">\n\t\t\t\t\t\t\t\t\t<p>On YouTube, <a href=\"https:\/\/www.youtube.com\/watch?v=YSf-I-D1JVo\" target=\"_blank\" rel=\"noopener\"><span style=\"text-decoration: underline;\">here<\/span><\/a> is an excellent recording of two outstanding Dalarna fiddlers playing this tune.<\/p>\t\t\t\t\t\t\t\t<\/div>\n\t\t\t\t<\/div>\n\t\t\t\t\t<\/div>\n\t\t<\/div>\n\t\t\t\t\t<\/div>\n\t\t<\/section>\n\t\t\t\t<\/div>\n\t\t","protected":false},"excerpt":{"rendered":"<p>\u00a0This tune, a bridal march, is from \u00d6je, a village not far from the town of Malung, in the province of Dalarna. The title refers to the chapel in the village, built in 1830.\u00a0 Once known for its leather and clothing manufacture, \u00d6je is primarily a tourist town now. Often just called &#8220;\u00d6je Brudl\u00e5t&#8221;, this [&hellip;]<\/p>\n","protected":false},"author":1,"featured_media":0,"parent":0,"menu_order":0,"comment_status":"closed","ping_status":"closed","template":"","meta":{"footnotes":""},"class_list":["post-5197","page","type-page","status-publish","hentry","wpbf-post"],"_links":{"self":[{"href":"https:\/\/folksweden.com\/index.php\/wp-json\/wp\/v2\/pages\/5197","targetHints":{"allow":["GET"]}}],"collection":[{"href":"https:\/\/folksweden.com\/index.php\/wp-json\/wp\/v2\/pages"}],"about":[{"href":"https:\/\/folksweden.com\/index.php\/wp-json\/wp\/v2\/types\/page"}],"author":[{"embeddable":true,"href":"https:\/\/folksweden.com\/index.php\/wp-json\/wp\/v2\/users\/1"}],"replies":[{"embeddable":true,"href":"https:\/\/folksweden.com\/index.php\/wp-json\/wp\/v2\/comments?post=5197"}],"version-history":[{"count":0,"href":"https:\/\/folksweden.com\/index.php\/wp-json\/wp\/v2\/pages\/5197\/revisions"}],"wp:attachment":[{"href":"https:\/\/folksweden.com\/index.php\/wp-json\/wp\/v2\/media?parent=5197"}],"curies":[{"name":"wp","href":"https:\/\/api.w.org\/{rel}","templated":true}]}}