{"id":5459,"date":"2024-11-21T19:47:41","date_gmt":"2024-11-21T19:47:41","guid":{"rendered":"https:\/\/folksweden.com\/?page_id=5459"},"modified":"2024-11-21T19:52:23","modified_gmt":"2024-11-21T19:52:23","slug":"slattergillet","status":"publish","type":"page","link":"https:\/\/folksweden.com\/index.php\/slattergillet\/","title":{"rendered":"Sl\u00e5ttergillet"},"content":{"rendered":"\t\t<div data-elementor-type=\"wp-page\" data-elementor-id=\"5459\" class=\"elementor elementor-5459\">\n\t\t\t\t\t\t<section class=\"elementor-section elementor-top-section elementor-element elementor-element-9afd9a7 elementor-section-boxed elementor-section-height-default elementor-section-height-default\" data-id=\"9afd9a7\" data-element_type=\"section\" data-e-type=\"section\">\n\t\t\t\t\t\t<div class=\"elementor-container elementor-column-gap-default\">\n\t\t\t\t\t<div class=\"elementor-column elementor-col-33 elementor-top-column elementor-element elementor-element-dcbc3b5\" data-id=\"dcbc3b5\" data-element_type=\"column\" data-e-type=\"column\">\n\t\t\t<div class=\"elementor-widget-wrap elementor-element-populated\">\n\t\t\t\t\t\t<div class=\"elementor-element elementor-element-5ee3b5f elementor-widget elementor-widget-text-editor\" data-id=\"5ee3b5f\" data-element_type=\"widget\" data-e-type=\"widget\" data-widget_type=\"text-editor.default\">\n\t\t\t\t<div class=\"elementor-widget-container\">\n\t\t\t\t\t\t\t\t\t<p>This little melody is a mazurka from the province of V\u00e4sterg\u00f6tland.\u00a0 \u00a0 It is associated with a local mazurka dance variant called K\u00e5llands\u00f6mazurka.<\/p><p>K\u00e5llands\u00f6 is an island in the large lake V\u00e4nern in southern Sweden.\u00a0 On the island is one of the most interesting castles, dating from the 1200, L\u00e4ck\u00f6 Slott.<\/p>\t\t\t\t\t\t\t\t<\/div>\n\t\t\t\t<\/div>\n\t\t\t\t\t<\/div>\n\t\t<\/div>\n\t\t\t\t<div class=\"elementor-column elementor-col-33 elementor-top-column elementor-element elementor-element-b21335e\" data-id=\"b21335e\" data-element_type=\"column\" data-e-type=\"column\">\n\t\t\t<div class=\"elementor-widget-wrap elementor-element-populated\">\n\t\t\t\t\t\t<div class=\"elementor-element elementor-element-322230f elementor-widget elementor-widget-image\" data-id=\"322230f\" data-element_type=\"widget\" data-e-type=\"widget\" data-widget_type=\"image.default\">\n\t\t\t\t<div class=\"elementor-widget-container\">\n\t\t\t\t\t\t\t\t\t\t\t\t\t\t\t<img fetchpriority=\"high\" decoding=\"async\" width=\"1024\" height=\"789\" src=\"https:\/\/folksweden.com\/wp-content\/uploads\/2024\/11\/IMG_0538crop-1024x789.jpg\" class=\"attachment-large size-large wp-image-5461\" alt=\"\" srcset=\"https:\/\/folksweden.com\/wp-content\/uploads\/2024\/11\/IMG_0538crop-1024x789.jpg 1024w, https:\/\/folksweden.com\/wp-content\/uploads\/2024\/11\/IMG_0538crop-300x231.jpg 300w, https:\/\/folksweden.com\/wp-content\/uploads\/2024\/11\/IMG_0538crop-768x592.jpg 768w, https:\/\/folksweden.com\/wp-content\/uploads\/2024\/11\/IMG_0538crop-1536x1184.jpg 1536w, https:\/\/folksweden.com\/wp-content\/uploads\/2024\/11\/IMG_0538crop.jpg 1892w\" sizes=\"(max-width: 1024px) 100vw, 1024px\" \/>\t\t\t\t\t\t\t\t\t\t\t\t\t\t\t<\/div>\n\t\t\t\t<\/div>\n\t\t\t\t\t<\/div>\n\t\t<\/div>\n\t\t\t\t<div class=\"elementor-column elementor-col-33 elementor-top-column elementor-element elementor-element-10f23af\" data-id=\"10f23af\" data-element_type=\"column\" data-e-type=\"column\">\n\t\t\t<div class=\"elementor-widget-wrap elementor-element-populated\">\n\t\t\t\t\t\t<div class=\"elementor-element elementor-element-a63aa48 elementor-widget elementor-widget-text-editor\" data-id=\"a63aa48\" data-element_type=\"widget\" data-e-type=\"widget\" data-widget_type=\"text-editor.default\">\n\t\t\t\t<div class=\"elementor-widget-container\">\n\t\t\t\t\t\t\t\t\t<p>To the left is a photo of L\u00e4ck\u00f6 castle.\u00a0 It has been continuously occupied since it was built, over 800 years ago.<\/p><p><a href=\"https:\/\/www.youtube.com\/watch?v=L17Q14pdNj8\" target=\"_blank\" rel=\"noopener\"><span style=\"text-decoration: underline;\">Here<\/span><\/a> is a video of some folkdancers dancing the K\u00e5llands\u00f6mazurka, to this tune, Sl\u00e5ttergillet, though in a different key.<\/p>\t\t\t\t\t\t\t\t<\/div>\n\t\t\t\t<\/div>\n\t\t\t\t\t<\/div>\n\t\t<\/div>\n\t\t\t\t\t<\/div>\n\t\t<\/section>\n\t\t\t\t<\/div>\n\t\t","protected":false},"excerpt":{"rendered":"<p>This little melody is a mazurka from the province of V\u00e4sterg\u00f6tland.\u00a0 \u00a0 It is associated with a local mazurka dance variant called K\u00e5llands\u00f6mazurka. K\u00e5llands\u00f6 is an island in the large lake V\u00e4nern in southern Sweden.\u00a0 On the island is one of the most interesting castles, dating from the 1200, L\u00e4ck\u00f6 Slott. To the left is [&hellip;]<\/p>\n","protected":false},"author":1,"featured_media":0,"parent":0,"menu_order":0,"comment_status":"closed","ping_status":"closed","template":"","meta":{"footnotes":""},"class_list":["post-5459","page","type-page","status-publish","hentry","wpbf-post"],"_links":{"self":[{"href":"https:\/\/folksweden.com\/index.php\/wp-json\/wp\/v2\/pages\/5459","targetHints":{"allow":["GET"]}}],"collection":[{"href":"https:\/\/folksweden.com\/index.php\/wp-json\/wp\/v2\/pages"}],"about":[{"href":"https:\/\/folksweden.com\/index.php\/wp-json\/wp\/v2\/types\/page"}],"author":[{"embeddable":true,"href":"https:\/\/folksweden.com\/index.php\/wp-json\/wp\/v2\/users\/1"}],"replies":[{"embeddable":true,"href":"https:\/\/folksweden.com\/index.php\/wp-json\/wp\/v2\/comments?post=5459"}],"version-history":[{"count":0,"href":"https:\/\/folksweden.com\/index.php\/wp-json\/wp\/v2\/pages\/5459\/revisions"}],"wp:attachment":[{"href":"https:\/\/folksweden.com\/index.php\/wp-json\/wp\/v2\/media?parent=5459"}],"curies":[{"name":"wp","href":"https:\/\/api.w.org\/{rel}","templated":true}]}}