{"id":5641,"date":"2025-01-29T19:02:51","date_gmt":"2025-01-29T19:02:51","guid":{"rendered":"https:\/\/folksweden.com\/?page_id=5641"},"modified":"2025-01-29T19:13:47","modified_gmt":"2025-01-29T19:13:47","slug":"pa-vag-till-timmerhuggning-i-alvdalen","status":"publish","type":"page","link":"https:\/\/folksweden.com\/index.php\/pa-vag-till-timmerhuggning-i-alvdalen\/","title":{"rendered":"P\u00e5 V\u00e4g till Timmerhuggning i \u00c4lvdalen"},"content":{"rendered":"\t\t<div data-elementor-type=\"wp-page\" data-elementor-id=\"5641\" class=\"elementor elementor-5641\">\n\t\t\t\t\t\t<section class=\"elementor-section elementor-top-section elementor-element elementor-element-3035832 elementor-section-boxed elementor-section-height-default elementor-section-height-default\" data-id=\"3035832\" data-element_type=\"section\" data-e-type=\"section\">\n\t\t\t\t\t\t<div class=\"elementor-container elementor-column-gap-default\">\n\t\t\t\t\t<div class=\"elementor-column elementor-col-33 elementor-top-column elementor-element elementor-element-4f2931e\" data-id=\"4f2931e\" data-element_type=\"column\" data-e-type=\"column\">\n\t\t\t<div class=\"elementor-widget-wrap elementor-element-populated\">\n\t\t\t\t\t\t<div class=\"elementor-element elementor-element-41f67ee elementor-widget elementor-widget-text-editor\" data-id=\"41f67ee\" data-element_type=\"widget\" data-e-type=\"widget\" data-widget_type=\"text-editor.default\">\n\t\t\t\t<div class=\"elementor-widget-container\">\n\t\t\t\t\t\t\t\t\t<p>This tune is a G\u00e5ngl\u00e5t from\u00a0 Dalarna.\u00a0 \u00a0A fiddler named G\u00f6ras Anders, from the village of \u00d6stbj\u00f6rka there, played it, and recorded it in 1980.\u00a0 \u00a0He was born in 1906, and was a prominent player in that region.<\/p><p>His son, G\u00f6ras Leif, said that his father did not really know the proper name for the tune, but learned it from a fiddler on the way to cutting timber in \u00c4lvdalen, so just gave it that name.<\/p>\t\t\t\t\t\t\t\t<\/div>\n\t\t\t\t<\/div>\n\t\t\t\t\t<\/div>\n\t\t<\/div>\n\t\t\t\t<div class=\"elementor-column elementor-col-33 elementor-top-column elementor-element elementor-element-455a387\" data-id=\"455a387\" data-element_type=\"column\" data-e-type=\"column\">\n\t\t\t<div class=\"elementor-widget-wrap\">\n\t\t\t\t\t\t\t<\/div>\n\t\t<\/div>\n\t\t\t\t<div class=\"elementor-column elementor-col-33 elementor-top-column elementor-element elementor-element-73642af\" data-id=\"73642af\" data-element_type=\"column\" data-e-type=\"column\">\n\t\t\t<div class=\"elementor-widget-wrap elementor-element-populated\">\n\t\t\t\t\t\t<div class=\"elementor-element elementor-element-74a7828 elementor-widget elementor-widget-text-editor\" data-id=\"74a7828\" data-element_type=\"widget\" data-e-type=\"widget\" data-widget_type=\"text-editor.default\">\n\t\t\t\t<div class=\"elementor-widget-container\">\n\t\t\t\t\t\t\t\t\t<p>\u00a0<\/p><p>\u00a0<\/p><p>It is a typical g\u00e5ngl\u00e5t in the Dala style.\u00a0 \u00a0It is very popular, particularly with accordion players.\u00a0 <a href=\"https:\/\/www.youtube.com\/watch?v=rYLV-5Pg-lo&amp;t=11s\" target=\"_blank\" rel=\"noopener\"><span style=\"text-decoration: underline;\">Here<\/span><\/a> is a YouTube video of a policemen&#8217;s music group playing it.<\/p>\t\t\t\t\t\t\t\t<\/div>\n\t\t\t\t<\/div>\n\t\t\t\t\t<\/div>\n\t\t<\/div>\n\t\t\t\t\t<\/div>\n\t\t<\/section>\n\t\t\t\t<\/div>\n\t\t","protected":false},"excerpt":{"rendered":"<p>This tune is a G\u00e5ngl\u00e5t from\u00a0 Dalarna.\u00a0 \u00a0A fiddler named G\u00f6ras Anders, from the village of \u00d6stbj\u00f6rka there, played it, and recorded it in 1980.\u00a0 \u00a0He was born in 1906, and was a prominent player in that region. His son, G\u00f6ras Leif, said that his father did not really know the proper name for the [&hellip;]<\/p>\n","protected":false},"author":1,"featured_media":0,"parent":0,"menu_order":0,"comment_status":"closed","ping_status":"closed","template":"","meta":{"footnotes":""},"class_list":["post-5641","page","type-page","status-publish","hentry","wpbf-post"],"_links":{"self":[{"href":"https:\/\/folksweden.com\/index.php\/wp-json\/wp\/v2\/pages\/5641","targetHints":{"allow":["GET"]}}],"collection":[{"href":"https:\/\/folksweden.com\/index.php\/wp-json\/wp\/v2\/pages"}],"about":[{"href":"https:\/\/folksweden.com\/index.php\/wp-json\/wp\/v2\/types\/page"}],"author":[{"embeddable":true,"href":"https:\/\/folksweden.com\/index.php\/wp-json\/wp\/v2\/users\/1"}],"replies":[{"embeddable":true,"href":"https:\/\/folksweden.com\/index.php\/wp-json\/wp\/v2\/comments?post=5641"}],"version-history":[{"count":0,"href":"https:\/\/folksweden.com\/index.php\/wp-json\/wp\/v2\/pages\/5641\/revisions"}],"wp:attachment":[{"href":"https:\/\/folksweden.com\/index.php\/wp-json\/wp\/v2\/media?parent=5641"}],"curies":[{"name":"wp","href":"https:\/\/api.w.org\/{rel}","templated":true}]}}