{"id":5808,"date":"2025-04-18T02:55:00","date_gmt":"2025-04-18T02:55:00","guid":{"rendered":"https:\/\/folksweden.com\/?page_id=5808"},"modified":"2025-04-18T02:58:13","modified_gmt":"2025-04-18T02:58:13","slug":"carl-erics-ganglat","status":"publish","type":"page","link":"https:\/\/folksweden.com\/index.php\/carl-erics-ganglat\/","title":{"rendered":"Carl-Erics G\u00e5ngl\u00e5t"},"content":{"rendered":"\t\t<div data-elementor-type=\"wp-page\" data-elementor-id=\"5808\" class=\"elementor elementor-5808\">\n\t\t\t\t\t\t<section class=\"elementor-section elementor-top-section elementor-element elementor-element-ec43978 elementor-section-boxed elementor-section-height-default elementor-section-height-default\" data-id=\"ec43978\" data-element_type=\"section\" data-e-type=\"section\">\n\t\t\t\t\t\t<div class=\"elementor-container elementor-column-gap-default\">\n\t\t\t\t\t<div class=\"elementor-column elementor-col-33 elementor-top-column elementor-element elementor-element-dfa393d\" data-id=\"dfa393d\" data-element_type=\"column\" data-e-type=\"column\">\n\t\t\t<div class=\"elementor-widget-wrap elementor-element-populated\">\n\t\t\t\t\t\t<div class=\"elementor-element elementor-element-18840d2 elementor-widget elementor-widget-text-editor\" data-id=\"18840d2\" data-element_type=\"widget\" data-e-type=\"widget\" data-widget_type=\"text-editor.default\">\n\t\t\t\t<div class=\"elementor-widget-container\">\n\t\t\t\t\t\t\t\t\t<p>\u00a0 This is a rousing g\u00e5ngl\u00e5t (walking tune) from the very south of Sweden, the province of Sk\u00e5ne.\u00a0 It was composed in 1926 by Carl-Eric Berndt, a master of the wooden-shoe fiddle.\u00a0 \u00a0It was adopted by the Sk\u00e5ne fiddlers&#8217; association, and is almost always played at official events in Sk\u00e5ne.<\/p><p>\u00a0 The Wooden Shoe Fiddle is an instrument peculiar to Sk\u00e5ne.\u00a0 Because the land is so good for agriculture, there is llittle forest area, so not much wood available locally for woodworkers.<\/p><p>\u00a0 There are peat bogs in Sk\u00e5ne that provide peat for burning, but the ground is soft and marshy.\u00a0 \u00a0Wooden shoes were the common footwear of farmers until modern times.<\/p>\t\t\t\t\t\t\t\t<\/div>\n\t\t\t\t<\/div>\n\t\t\t\t\t<\/div>\n\t\t<\/div>\n\t\t\t\t<div class=\"elementor-column elementor-col-33 elementor-top-column elementor-element elementor-element-f5c1998\" data-id=\"f5c1998\" data-element_type=\"column\" data-e-type=\"column\">\n\t\t\t<div class=\"elementor-widget-wrap elementor-element-populated\">\n\t\t\t\t\t\t<div class=\"elementor-element elementor-element-4e0c6e3 elementor-widget elementor-widget-image\" data-id=\"4e0c6e3\" data-element_type=\"widget\" data-e-type=\"widget\" data-widget_type=\"image.default\">\n\t\t\t\t<div class=\"elementor-widget-container\">\n\t\t\t\t\t\t\t\t\t\t\t\t\t\t\t<img fetchpriority=\"high\" decoding=\"async\" width=\"758\" height=\"688\" src=\"https:\/\/folksweden.com\/wp-content\/uploads\/2022\/02\/traskofiol.jpg\" class=\"attachment-large size-large wp-image-1444\" alt=\"\" srcset=\"https:\/\/folksweden.com\/wp-content\/uploads\/2022\/02\/traskofiol.jpg 758w, https:\/\/folksweden.com\/wp-content\/uploads\/2022\/02\/traskofiol-300x272.jpg 300w\" sizes=\"(max-width: 758px) 100vw, 758px\" \/>\t\t\t\t\t\t\t\t\t\t\t\t\t\t\t<\/div>\n\t\t\t\t<\/div>\n\t\t\t\t\t<\/div>\n\t\t<\/div>\n\t\t\t\t<div class=\"elementor-column elementor-col-33 elementor-top-column elementor-element elementor-element-79a84ca\" data-id=\"79a84ca\" data-element_type=\"column\" data-e-type=\"column\">\n\t\t\t<div class=\"elementor-widget-wrap elementor-element-populated\">\n\t\t\t\t\t\t<div class=\"elementor-element elementor-element-620106c elementor-widget elementor-widget-text-editor\" data-id=\"620106c\" data-element_type=\"widget\" data-e-type=\"widget\" data-widget_type=\"text-editor.default\">\n\t\t\t\t<div class=\"elementor-widget-container\">\n\t\t\t\t\t\t\t\t\t<p>When a pair of wooden shoes wore out, a violinmaker would often obtain one, and make it into a playable fiddle.<\/p><p>To the left is a picture of a traditional wooden-shoe fiddle being played.<\/p><p><a href=\"https:\/\/www.youtube.com\/watch?v=LnXCU8Xw6C0&amp;t=1395s\" target=\"_blank\" rel=\"noopener\"><span style=\"text-decoration: underline;\">Here<\/span><\/a> is a YouTube video of a Sk\u00e5ne fiddlers&#8217; team playing several tunes, including Carl-Erics G\u00e5ngl\u00e5t.\u00a0 You can hear them play it at 28:05 on the video.<\/p>\t\t\t\t\t\t\t\t<\/div>\n\t\t\t\t<\/div>\n\t\t\t\t\t<\/div>\n\t\t<\/div>\n\t\t\t\t\t<\/div>\n\t\t<\/section>\n\t\t\t\t<\/div>\n\t\t","protected":false},"excerpt":{"rendered":"<p>\u00a0 This is a rousing g\u00e5ngl\u00e5t (walking tune) from the very south of Sweden, the province of Sk\u00e5ne.\u00a0 It was composed in 1926 by Carl-Eric Berndt, a master of the wooden-shoe fiddle.\u00a0 \u00a0It was adopted by the Sk\u00e5ne fiddlers&#8217; association, and is almost always played at official events in Sk\u00e5ne. \u00a0 The Wooden Shoe Fiddle [&hellip;]<\/p>\n","protected":false},"author":1,"featured_media":0,"parent":0,"menu_order":0,"comment_status":"closed","ping_status":"closed","template":"","meta":{"footnotes":""},"class_list":["post-5808","page","type-page","status-publish","hentry","wpbf-post"],"_links":{"self":[{"href":"https:\/\/folksweden.com\/index.php\/wp-json\/wp\/v2\/pages\/5808","targetHints":{"allow":["GET"]}}],"collection":[{"href":"https:\/\/folksweden.com\/index.php\/wp-json\/wp\/v2\/pages"}],"about":[{"href":"https:\/\/folksweden.com\/index.php\/wp-json\/wp\/v2\/types\/page"}],"author":[{"embeddable":true,"href":"https:\/\/folksweden.com\/index.php\/wp-json\/wp\/v2\/users\/1"}],"replies":[{"embeddable":true,"href":"https:\/\/folksweden.com\/index.php\/wp-json\/wp\/v2\/comments?post=5808"}],"version-history":[{"count":0,"href":"https:\/\/folksweden.com\/index.php\/wp-json\/wp\/v2\/pages\/5808\/revisions"}],"wp:attachment":[{"href":"https:\/\/folksweden.com\/index.php\/wp-json\/wp\/v2\/media?parent=5808"}],"curies":[{"name":"wp","href":"https:\/\/api.w.org\/{rel}","templated":true}]}}